{"id":734945,"date":"2026-04-16T08:19:33","date_gmt":"2026-04-16T07:19:33","guid":{"rendered":"https:\/\/shop.kustom.ch\/?post_type=product&#038;p=734945"},"modified":"2026-04-16T08:20:11","modified_gmt":"2026-04-16T07:20:11","slug":"wool-waffle-rn-m","status":"publish","type":"product","link":"https:\/\/shop.kustom.ch\/it\/prodotto\/wool-waffle-rn-m\/","title":{"rendered":"Lana Waffle RN M"},"content":{"rendered":"<p>Der Wool Waffle RN ist ein l\u00e4ssiges Trikot mit lockerer Passform, das sowohl f\u00fcrs Training als auch im Alltag geeignet ist.<\/p>\n<p>Das weiche, waffelartige Material aus einer Mischung aus Wolle und Viskose verbessert die Isolierung und Atmungsaktivit\u00e4t des Baselayer-Trikots und sorgt so f\u00fcr eine optimale Regulierung der K\u00f6rpertemperatur bei niedriger Trainingsintensit\u00e4t oder an k\u00fchlen Tagen. Tragen Sie es bei kalten Temperaturen als Baselayer oder bei milderen Temperaturen als Einzelst\u00fcck.<\/p>\n<p>\u2022 Weicher und angenehmer Stoff aus 20 % Wolle und 80 % Viskose<br \/>\n- Lana senza mulesing<br \/>\n\u2022 Waffelstruktur f\u00fcr verbesserte Isolierung und Bel\u00fcftung<br \/>\n- Colletto rotondo<br \/>\n- Vestibilit\u00e0 rilassata<\/p>\n<p>Material: 80% Viskose, 20% Wolle<\/p>","protected":false},"excerpt":{"rendered":"<p>Der Wool Waffle RN ist ein l\u00e4ssiges Trikot mit lockerer Passform, das sowohl f\u00fcrs Training als auch im Alltag geeignet ist. Das weiche, waffelartige Material aus einer Mischung aus Wolle und Viskose verbessert die Isolierung und Atmungsaktivit\u00e4t des Baselayer-Trikots und sorgt so f\u00fcr eine optimale Regulierung der K\u00f6rpertemperatur bei niedriger Trainingsintensit\u00e4t oder an k\u00fchlen Tagen. [&hellip;]<\/p>\n","protected":false},"featured_media":734948,"template":"","meta":[],"product_brand":[],"product_cat":[4191],"product_tag":[],"class_list":{"0":"post-734945","1":"product","2":"type-product","3":"status-publish","4":"has-post-thumbnail","6":"product_cat-longsleeves-sweatshirts","7":"pa_brand-craft","8":"pa_brand-type-sportswear","9":"pa_filter-color-beige","10":"pa_filter-color-braun","11":"pa_filter-color-grau","12":"pa_filter-color-schwarz","14":"first","15":"instock","16":"sale","17":"taxable","18":"shipping-taxable","19":"purchasable","20":"product-type-variable","21":"add-to-wishlist-before_image"},"exclude_global_add_ons":[],"addons":[],"acf":[],"_links":{"self":[{"href":"https:\/\/shop.kustom.ch\/it\/wp-json\/wp\/v2\/product\/734945"}],"collection":[{"href":"https:\/\/shop.kustom.ch\/it\/wp-json\/wp\/v2\/product"}],"about":[{"href":"https:\/\/shop.kustom.ch\/it\/wp-json\/wp\/v2\/types\/product"}],"wp:featuredmedia":[{"embeddable":true,"href":"https:\/\/shop.kustom.ch\/it\/wp-json\/wp\/v2\/media\/734948"}],"wp:attachment":[{"href":"https:\/\/shop.kustom.ch\/it\/wp-json\/wp\/v2\/media?parent=734945"}],"wp:term":[{"taxonomy":"product_brand","embeddable":true,"href":"https:\/\/shop.kustom.ch\/it\/wp-json\/wp\/v2\/product_brand?post=734945"},{"taxonomy":"product_cat","embeddable":true,"href":"https:\/\/shop.kustom.ch\/it\/wp-json\/wp\/v2\/product_cat?post=734945"},{"taxonomy":"product_tag","embeddable":true,"href":"https:\/\/shop.kustom.ch\/it\/wp-json\/wp\/v2\/product_tag?post=734945"}],"curies":[{"name":"wp","href":"https:\/\/api.w.org\/{rel}","templated":true}]}}