{"id":734879,"date":"2026-04-16T08:18:42","date_gmt":"2026-04-16T07:18:42","guid":{"rendered":"https:\/\/shop.kustom.ch\/?post_type=product&#038;p=734879"},"modified":"2026-04-16T08:19:23","modified_gmt":"2026-04-16T07:19:23","slug":"adv-nordic-training-merino-beanie","status":"publish","type":"product","link":"https:\/\/shop.kustom.ch\/it\/prodotto\/adv-nordic-training-merino-beanie\/","title":{"rendered":"Berretto Adv Nordic Training Merino"},"content":{"rendered":"<p>Strickm\u00fctze aus Acrylgarn und Merinowolle f\u00fcr alle Langlaufaktivit\u00e4ten.<br \/>\n\u2022 Strickm\u00fctze aus Acrylgarn und Merinowolle f\u00fcr alle Langlaufaktivit\u00e4ten<br \/>\n\u2022Gestrickt und hergestellt in G\u00e4llstad in Schweden<\/p>\n<p>Material: 70% Acrylgarn, 30% Wolle<\/p>","protected":false},"excerpt":{"rendered":"<p>Strickm\u00fctze aus Acrylgarn und Merinowolle f\u00fcr alle Langlaufaktivit\u00e4ten. \u2022 Strickm\u00fctze aus Acrylgarn und Merinowolle f\u00fcr alle Langlaufaktivit\u00e4ten \u2022Gestrickt und hergestellt in G\u00e4llstad in Schweden Material: 70% Acrylgarn, 30% Wolle<\/p>","protected":false},"featured_media":734898,"template":"","meta":[],"product_brand":[],"product_cat":[4177],"product_tag":[],"class_list":{"0":"post-734879","1":"product","2":"type-product","3":"status-publish","4":"has-post-thumbnail","6":"product_cat-caps-muetzen","7":"pa_brand-craft","8":"pa_brand-type-sportswear","9":"pa_filter-color-blau","10":"pa_filter-color-schwarz","12":"first","13":"instock","14":"sale","15":"taxable","16":"shipping-taxable","17":"purchasable","18":"product-type-variable","19":"add-to-wishlist-before_image"},"exclude_global_add_ons":[],"addons":[],"acf":[],"_links":{"self":[{"href":"https:\/\/shop.kustom.ch\/it\/wp-json\/wp\/v2\/product\/734879"}],"collection":[{"href":"https:\/\/shop.kustom.ch\/it\/wp-json\/wp\/v2\/product"}],"about":[{"href":"https:\/\/shop.kustom.ch\/it\/wp-json\/wp\/v2\/types\/product"}],"wp:featuredmedia":[{"embeddable":true,"href":"https:\/\/shop.kustom.ch\/it\/wp-json\/wp\/v2\/media\/734898"}],"wp:attachment":[{"href":"https:\/\/shop.kustom.ch\/it\/wp-json\/wp\/v2\/media?parent=734879"}],"wp:term":[{"taxonomy":"product_brand","embeddable":true,"href":"https:\/\/shop.kustom.ch\/it\/wp-json\/wp\/v2\/product_brand?post=734879"},{"taxonomy":"product_cat","embeddable":true,"href":"https:\/\/shop.kustom.ch\/it\/wp-json\/wp\/v2\/product_cat?post=734879"},{"taxonomy":"product_tag","embeddable":true,"href":"https:\/\/shop.kustom.ch\/it\/wp-json\/wp\/v2\/product_tag?post=734879"}],"curies":[{"name":"wp","href":"https:\/\/api.w.org\/{rel}","templated":true}]}}