{"id":734791,"date":"2026-04-16T08:17:33","date_gmt":"2026-04-16T07:17:33","guid":{"rendered":"https:\/\/shop.kustom.ch\/?post_type=product&#038;p=734791"},"modified":"2026-04-16T08:17:37","modified_gmt":"2026-04-16T07:17:37","slug":"everyday-xt-shorts-w","status":"publish","type":"product","link":"https:\/\/shop.kustom.ch\/it\/prodotto\/everyday-xt-shorts-w\/","title":{"rendered":"Pantaloncini XT Everyday W"},"content":{"rendered":"<p>Gli Everyday XT Shorts sono pantaloncini da ciclismo resistenti, elastici e larghi, pensati per i tour MTB, enduro e gravel pi\u00f9 impegnativi e intensivi.<\/p>\n<p>Questi pantaloncini da ciclismo ad alte prestazioni sono realizzati in tessuto di poliammide resistente ed elasticizzato e offrono un'elevata durata e un'eccellente libert\u00e0 di movimento. I pantaloncini sono inoltre dotati di una chiusura in velcro in vita per regolare la vestibilit\u00e0, di due tasche aperte e di una tasca laterale con cerniera per riporre in modo sicuro chiavi e altri oggetti importanti.<\/p>\n<p>- Materiale elastico, resistente e traspirante, realizzato in poliammide ed elastan riciclati.<br \/>\n- Chiusura in vita con velcro antigancio<br \/>\n- Chiusura con zip e bottoni<br \/>\n- Tasca laterale con zip<br \/>\n- Due tasche anteriori<br \/>\n- Vestibilit\u00e0 rilassata<\/p>","protected":false},"excerpt":{"rendered":"<p>Everyday XT Shorts sind strapazierf\u00e4hige, dehnbare und locker sitzende Bike Shorts, die f\u00fcr raue und intensive MTB-, Enduro- und Gravel-Radtouren entwickelt wurden. Diese High-Performance-Radshorts besteht aus einem strapazierf\u00e4higen und elastischen Polyamid-Gewebe und bietet eine hohe Haltbarkeit und exzellente Bewegungsfreiheit. Die Shorts verf\u00fcgen ausserdem \u00fcber einen Klettverschluss in der Taille, der den Sitz optimal einstellt, sowie [&hellip;]<\/p>\n","protected":false},"featured_media":697682,"template":"","meta":[],"product_brand":[],"product_cat":[4198],"product_tag":[],"class_list":{"0":"post-734791","1":"product","2":"type-product","3":"status-publish","4":"has-post-thumbnail","6":"product_cat-shorts","7":"pa_brand-craft","8":"pa_brand-type-sportswear","9":"pa_filter-color-schwarz","11":"first","12":"instock","13":"sale","14":"taxable","15":"shipping-taxable","16":"purchasable","17":"product-type-variable","18":"add-to-wishlist-before_image"},"exclude_global_add_ons":[],"addons":[],"acf":[],"_links":{"self":[{"href":"https:\/\/shop.kustom.ch\/it\/wp-json\/wp\/v2\/product\/734791"}],"collection":[{"href":"https:\/\/shop.kustom.ch\/it\/wp-json\/wp\/v2\/product"}],"about":[{"href":"https:\/\/shop.kustom.ch\/it\/wp-json\/wp\/v2\/types\/product"}],"wp:featuredmedia":[{"embeddable":true,"href":"https:\/\/shop.kustom.ch\/it\/wp-json\/wp\/v2\/media\/697682"}],"wp:attachment":[{"href":"https:\/\/shop.kustom.ch\/it\/wp-json\/wp\/v2\/media?parent=734791"}],"wp:term":[{"taxonomy":"product_brand","embeddable":true,"href":"https:\/\/shop.kustom.ch\/it\/wp-json\/wp\/v2\/product_brand?post=734791"},{"taxonomy":"product_cat","embeddable":true,"href":"https:\/\/shop.kustom.ch\/it\/wp-json\/wp\/v2\/product_cat?post=734791"},{"taxonomy":"product_tag","embeddable":true,"href":"https:\/\/shop.kustom.ch\/it\/wp-json\/wp\/v2\/product_tag?post=734791"}],"curies":[{"name":"wp","href":"https:\/\/api.w.org\/{rel}","templated":true}]}}