{"id":734129,"date":"2026-04-01T21:24:35","date_gmt":"2026-04-01T20:24:35","guid":{"rendered":"https:\/\/shop.kustom.ch\/?post_type=product&#038;p=734129"},"modified":"2026-04-01T21:25:41","modified_gmt":"2026-04-01T20:25:41","slug":"caro-seamless-langarm-shirt","status":"publish","type":"product","link":"https:\/\/shop.kustom.ch\/it\/prodotto\/caro-seamless-langarm-shirt\/","title":{"rendered":"Camicia a maniche lunghe Caro Seamless"},"content":{"rendered":"<p>Maglia a maniche lunghe Caro Seamless. Grazie a DRYARN, la biancheria intima senza cuciture \u00e8 particolarmente comoda da indossare. La microfibra in polipropilene ad alte prestazioni \u00e8 stata sviluppata appositamente per lo sport, con un eccellente trasporto dell'umidit\u00e0 e un'elevata traspirabilit\u00e0. Si adatta come una seconda pelle e rimane inodore anche durante l'uso intensivo - senza poliestere.<\/p>","protected":false},"excerpt":{"rendered":"<p>Maglia a maniche lunghe Caro Seamless. Grazie a DRYARN, la biancheria intima senza cuciture \u00e8 particolarmente comoda da indossare. La microfibra in polipropilene ad alte prestazioni \u00e8 stata sviluppata appositamente per lo sport, con un eccellente trasporto dell'umidit\u00e0 e un'elevata traspirabilit\u00e0. Si adatta come una seconda pelle e rimane inodore anche durante l'uso intensivo - senza poliestere.<\/p>","protected":false},"featured_media":734172,"template":"","meta":[],"product_brand":[],"product_cat":[4201],"product_tag":[],"class_list":{"0":"post-734129","1":"product","2":"type-product","3":"status-publish","4":"has-post-thumbnail","6":"product_cat-t-shirts","7":"pa_brand-rukka","8":"pa_brand-type-workwear","9":"pa_filter-color-schwarz","11":"first","12":"instock","13":"taxable","14":"shipping-taxable","15":"purchasable","16":"product-type-variable","17":"add-to-wishlist-before_image"},"exclude_global_add_ons":[],"addons":[],"acf":[],"_links":{"self":[{"href":"https:\/\/shop.kustom.ch\/it\/wp-json\/wp\/v2\/product\/734129"}],"collection":[{"href":"https:\/\/shop.kustom.ch\/it\/wp-json\/wp\/v2\/product"}],"about":[{"href":"https:\/\/shop.kustom.ch\/it\/wp-json\/wp\/v2\/types\/product"}],"wp:featuredmedia":[{"embeddable":true,"href":"https:\/\/shop.kustom.ch\/it\/wp-json\/wp\/v2\/media\/734172"}],"wp:attachment":[{"href":"https:\/\/shop.kustom.ch\/it\/wp-json\/wp\/v2\/media?parent=734129"}],"wp:term":[{"taxonomy":"product_brand","embeddable":true,"href":"https:\/\/shop.kustom.ch\/it\/wp-json\/wp\/v2\/product_brand?post=734129"},{"taxonomy":"product_cat","embeddable":true,"href":"https:\/\/shop.kustom.ch\/it\/wp-json\/wp\/v2\/product_cat?post=734129"},{"taxonomy":"product_tag","embeddable":true,"href":"https:\/\/shop.kustom.ch\/it\/wp-json\/wp\/v2\/product_tag?post=734129"}],"curies":[{"name":"wp","href":"https:\/\/api.w.org\/{rel}","templated":true}]}}