{"id":734062,"date":"2026-04-01T21:23:05","date_gmt":"2026-04-01T20:23:05","guid":{"rendered":"https:\/\/shop.kustom.ch\/?post_type=product&#038;p=734062"},"modified":"2026-04-01T21:24:31","modified_gmt":"2026-04-01T20:24:31","slug":"vital-damen-kurzarm-shirt","status":"publish","type":"product","link":"https:\/\/shop.kustom.ch\/it\/prodotto\/vital-damen-kurzarm-shirt\/","title":{"rendered":"Camicia a maniche corte Vital da donna"},"content":{"rendered":"<p>T-shirt da donna Vital. Questa maglietta mantiene la temperatura corporea a un livello confortevole anche in condizioni mutevoli: n\u00e9 troppo caldo, n\u00e9 troppo freddo. Colpisce per l'efficace regolazione dell'umidit\u00e0, la piacevolezza al tatto e l'alto livello di comfort. Ideale per le giornate attive e per l'abbigliamento quotidiano. La solidit\u00e0 del colore e il mantenimento della forma garantiscono una qualit\u00e0 duratura.<\/p>","protected":false},"excerpt":{"rendered":"<p>T-shirt da donna Vital. Questa maglietta mantiene la temperatura corporea a un livello confortevole anche in condizioni mutevoli: n\u00e9 troppo caldo, n\u00e9 troppo freddo. Colpisce per l'efficace regolazione dell'umidit\u00e0, la piacevolezza al tatto e l'alto livello di comfort. Ideale per le giornate attive e per l'abbigliamento quotidiano. La solidit\u00e0 del colore e il mantenimento della forma garantiscono una qualit\u00e0 duratura.<\/p>","protected":false},"featured_media":734112,"template":"","meta":[],"product_brand":[],"product_cat":[4201],"product_tag":[],"class_list":{"0":"post-734062","1":"product","2":"type-product","3":"status-publish","4":"has-post-thumbnail","6":"product_cat-t-shirts","7":"pa_brand-rukka","8":"pa_brand-type-workwear","9":"pa_filter-color-schwarz","10":"pa_filter-color-weiss","12":"first","13":"instock","14":"taxable","15":"shipping-taxable","16":"purchasable","17":"product-type-variable","18":"add-to-wishlist-before_image"},"exclude_global_add_ons":[],"addons":[],"acf":[],"_links":{"self":[{"href":"https:\/\/shop.kustom.ch\/it\/wp-json\/wp\/v2\/product\/734062"}],"collection":[{"href":"https:\/\/shop.kustom.ch\/it\/wp-json\/wp\/v2\/product"}],"about":[{"href":"https:\/\/shop.kustom.ch\/it\/wp-json\/wp\/v2\/types\/product"}],"wp:featuredmedia":[{"embeddable":true,"href":"https:\/\/shop.kustom.ch\/it\/wp-json\/wp\/v2\/media\/734112"}],"wp:attachment":[{"href":"https:\/\/shop.kustom.ch\/it\/wp-json\/wp\/v2\/media?parent=734062"}],"wp:term":[{"taxonomy":"product_brand","embeddable":true,"href":"https:\/\/shop.kustom.ch\/it\/wp-json\/wp\/v2\/product_brand?post=734062"},{"taxonomy":"product_cat","embeddable":true,"href":"https:\/\/shop.kustom.ch\/it\/wp-json\/wp\/v2\/product_cat?post=734062"},{"taxonomy":"product_tag","embeddable":true,"href":"https:\/\/shop.kustom.ch\/it\/wp-json\/wp\/v2\/product_tag?post=734062"}],"curies":[{"name":"wp","href":"https:\/\/api.w.org\/{rel}","templated":true}]}}