{"id":733439,"date":"2026-04-01T21:12:05","date_gmt":"2026-04-01T20:12:05","guid":{"rendered":"https:\/\/shop.kustom.ch\/?post_type=product&#038;p=733439"},"modified":"2026-04-01T21:13:27","modified_gmt":"2026-04-01T20:13:27","slug":"eske-merino-damen-t-shirt","status":"publish","type":"product","link":"https:\/\/shop.kustom.ch\/it\/prodotto\/eske-merino-damen-t-shirt\/","title":{"rendered":"Maglietta Eske Merino da donna"},"content":{"rendered":"<p>T-shirt Eske Merino. Grazie alle sue propriet\u00e0 termoregolatrici, rinfresca nei periodi pi\u00f9 caldi e si sente piacevolmente sulla pelle. L'effetto antibatterico e l'eccellente trasporto dell'umidit\u00e0 la rendono il compagno ideale per le giornate attive.<\/p>","protected":false},"excerpt":{"rendered":"<p>T-shirt Eske Merino. Grazie alle sue propriet\u00e0 termoregolatrici, rinfresca nei periodi pi\u00f9 caldi e si sente piacevolmente sulla pelle. L'effetto antibatterico e l'eccellente trasporto dell'umidit\u00e0 la rendono il compagno ideale per le giornate attive.<\/p>","protected":false},"featured_media":733489,"template":"","meta":[],"product_brand":[],"product_cat":[4201],"product_tag":[],"class_list":{"0":"post-733439","1":"product","2":"type-product","3":"status-publish","4":"has-post-thumbnail","6":"product_cat-t-shirts","7":"pa_brand-rukka","8":"pa_brand-type-workwear","9":"pa_filter-color-blau","10":"pa_filter-color-gruen","11":"pa_filter-color-pink","13":"first","14":"instock","15":"taxable","16":"shipping-taxable","17":"purchasable","18":"product-type-variable","19":"add-to-wishlist-before_image"},"exclude_global_add_ons":[],"addons":[],"acf":[],"_links":{"self":[{"href":"https:\/\/shop.kustom.ch\/it\/wp-json\/wp\/v2\/product\/733439"}],"collection":[{"href":"https:\/\/shop.kustom.ch\/it\/wp-json\/wp\/v2\/product"}],"about":[{"href":"https:\/\/shop.kustom.ch\/it\/wp-json\/wp\/v2\/types\/product"}],"wp:featuredmedia":[{"embeddable":true,"href":"https:\/\/shop.kustom.ch\/it\/wp-json\/wp\/v2\/media\/733489"}],"wp:attachment":[{"href":"https:\/\/shop.kustom.ch\/it\/wp-json\/wp\/v2\/media?parent=733439"}],"wp:term":[{"taxonomy":"product_brand","embeddable":true,"href":"https:\/\/shop.kustom.ch\/it\/wp-json\/wp\/v2\/product_brand?post=733439"},{"taxonomy":"product_cat","embeddable":true,"href":"https:\/\/shop.kustom.ch\/it\/wp-json\/wp\/v2\/product_cat?post=733439"},{"taxonomy":"product_tag","embeddable":true,"href":"https:\/\/shop.kustom.ch\/it\/wp-json\/wp\/v2\/product_tag?post=733439"}],"curies":[{"name":"wp","href":"https:\/\/api.w.org\/{rel}","templated":true}]}}