{"id":732807,"date":"2026-04-01T21:01:46","date_gmt":"2026-04-01T20:01:46","guid":{"rendered":"https:\/\/shop.kustom.ch\/?post_type=product&#038;p=732807"},"modified":"2026-04-01T21:03:29","modified_gmt":"2026-04-01T20:03:29","slug":"kiara-damen-regenmantel","status":"publish","type":"product","link":"https:\/\/shop.kustom.ch\/it\/prodotto\/kiara-damen-regenmantel\/","title":{"rendered":"Kiara signore mackintosh"},"content":{"rendered":"<p>Kiara. La giacca antipioggia ideale per tutte le occasioni. Che si tratti di un festival, di una passeggiata in campagna o di un giro in citt\u00e0, Kiara vi terr\u00e0 all'asciutto e al caldo. Il materiale in PU \u00e8 leggero e robusto e la lunghezza della giacca offre una protezione ottimale.<\/p>","protected":false},"excerpt":{"rendered":"<p>Kiara. La giacca antipioggia ideale per tutte le occasioni. Che si tratti di un festival, di una passeggiata in campagna o di un giro in citt\u00e0, Kiara vi terr\u00e0 all'asciutto e al caldo. Il materiale in PU \u00e8 leggero e robusto e la lunghezza della giacca offre una protezione ottimale.<\/p>","protected":false},"featured_media":732868,"template":"","meta":[],"product_brand":[],"product_cat":[4186],"product_tag":[],"class_list":{"0":"post-732807","1":"product","2":"type-product","3":"status-publish","4":"has-post-thumbnail","6":"product_cat-jacken","7":"pa_brand-rukka","8":"pa_brand-type-workwear","9":"pa_filter-color-blau","10":"pa_filter-color-gelb","11":"pa_filter-color-gruen","13":"first","14":"instock","15":"taxable","16":"shipping-taxable","17":"purchasable","18":"product-type-variable","19":"add-to-wishlist-before_image"},"exclude_global_add_ons":[],"addons":[],"acf":[],"_links":{"self":[{"href":"https:\/\/shop.kustom.ch\/it\/wp-json\/wp\/v2\/product\/732807"}],"collection":[{"href":"https:\/\/shop.kustom.ch\/it\/wp-json\/wp\/v2\/product"}],"about":[{"href":"https:\/\/shop.kustom.ch\/it\/wp-json\/wp\/v2\/types\/product"}],"wp:featuredmedia":[{"embeddable":true,"href":"https:\/\/shop.kustom.ch\/it\/wp-json\/wp\/v2\/media\/732868"}],"wp:attachment":[{"href":"https:\/\/shop.kustom.ch\/it\/wp-json\/wp\/v2\/media?parent=732807"}],"wp:term":[{"taxonomy":"product_brand","embeddable":true,"href":"https:\/\/shop.kustom.ch\/it\/wp-json\/wp\/v2\/product_brand?post=732807"},{"taxonomy":"product_cat","embeddable":true,"href":"https:\/\/shop.kustom.ch\/it\/wp-json\/wp\/v2\/product_cat?post=732807"},{"taxonomy":"product_tag","embeddable":true,"href":"https:\/\/shop.kustom.ch\/it\/wp-json\/wp\/v2\/product_tag?post=732807"}],"curies":[{"name":"wp","href":"https:\/\/api.w.org\/{rel}","templated":true}]}}