{"id":732513,"date":"2026-04-01T20:57:47","date_gmt":"2026-04-01T19:57:47","guid":{"rendered":"https:\/\/shop.kustom.ch\/?post_type=product&#038;p=732513"},"modified":"2026-04-01T20:59:00","modified_gmt":"2026-04-01T19:59:00","slug":"pixie-damen-regenjacke","status":"publish","type":"product","link":"https:\/\/shop.kustom.ch\/it\/prodotto\/pixie-damen-regenjacke\/","title":{"rendered":"Giacca da pioggia Pixie da donna"},"content":{"rendered":"<p>Pixie. \u00c8 estremamente leggero e pu\u00f2 essere riposto anche nella tasca sinistra. In questo modo \u00e8 sempre a portata di mano quando arrivano vento e pioggia inaspettati.<\/p>","protected":false},"excerpt":{"rendered":"<p>Pixie. \u00c8 estremamente leggero e pu\u00f2 essere riposto anche nella tasca sinistra. In questo modo \u00e8 sempre a portata di mano quando arrivano vento e pioggia inaspettati.<\/p>","protected":false},"featured_media":732568,"template":"","meta":[],"product_brand":[],"product_cat":[4186],"product_tag":[],"class_list":{"0":"post-732513","1":"product","2":"type-product","3":"status-publish","4":"has-post-thumbnail","6":"product_cat-jacken","7":"pa_brand-rukka","8":"pa_brand-type-workwear","9":"pa_filter-color-blau","10":"pa_filter-color-gruen","11":"pa_filter-color-schwarz","12":"pa_filter-color-violet","14":"first","15":"instock","16":"taxable","17":"shipping-taxable","18":"purchasable","19":"product-type-variable","20":"add-to-wishlist-before_image"},"exclude_global_add_ons":[],"addons":[],"acf":[],"_links":{"self":[{"href":"https:\/\/shop.kustom.ch\/it\/wp-json\/wp\/v2\/product\/732513"}],"collection":[{"href":"https:\/\/shop.kustom.ch\/it\/wp-json\/wp\/v2\/product"}],"about":[{"href":"https:\/\/shop.kustom.ch\/it\/wp-json\/wp\/v2\/types\/product"}],"wp:featuredmedia":[{"embeddable":true,"href":"https:\/\/shop.kustom.ch\/it\/wp-json\/wp\/v2\/media\/732568"}],"wp:attachment":[{"href":"https:\/\/shop.kustom.ch\/it\/wp-json\/wp\/v2\/media?parent=732513"}],"wp:term":[{"taxonomy":"product_brand","embeddable":true,"href":"https:\/\/shop.kustom.ch\/it\/wp-json\/wp\/v2\/product_brand?post=732513"},{"taxonomy":"product_cat","embeddable":true,"href":"https:\/\/shop.kustom.ch\/it\/wp-json\/wp\/v2\/product_cat?post=732513"},{"taxonomy":"product_tag","embeddable":true,"href":"https:\/\/shop.kustom.ch\/it\/wp-json\/wp\/v2\/product_tag?post=732513"}],"curies":[{"name":"wp","href":"https:\/\/api.w.org\/{rel}","templated":true}]}}