{"id":732052,"date":"2026-04-01T20:49:42","date_gmt":"2026-04-01T19:49:42","guid":{"rendered":"https:\/\/shop.kustom.ch\/?post_type=product&#038;p=732052"},"modified":"2026-04-01T20:51:26","modified_gmt":"2026-04-01T19:51:26","slug":"paulina-damen-steppmantel","status":"publish","type":"product","link":"https:\/\/shop.kustom.ch\/it\/prodotto\/paulina-damen-steppmantel\/","title":{"rendered":"Cappotto Paulina trapuntato da donna"},"content":{"rendered":"<p>Paulina. Grazie all'imbottitura no-down, questo caldo cappotto invernale \u00e8 comodo da indossare e facile da curare. La lunghezza perfetta garantisce protezione e libert\u00e0 di movimento. Un compagno perfetto per le fredde giornate invernali che offre comfort e funzionalit\u00e0.<\/p>","protected":false},"excerpt":{"rendered":"<p>Paulina. Grazie all'imbottitura no-down, questo caldo cappotto invernale \u00e8 comodo da indossare e facile da curare. La lunghezza perfetta garantisce protezione e libert\u00e0 di movimento. Un compagno perfetto per le fredde giornate invernali che offre comfort e funzionalit\u00e0.<\/p>","protected":false},"featured_media":732113,"template":"","meta":[],"product_brand":[],"product_cat":[4186],"product_tag":[],"class_list":{"0":"post-732052","1":"product","2":"type-product","3":"status-publish","4":"has-post-thumbnail","6":"product_cat-jacken","7":"pa_brand-rukka","8":"pa_brand-type-workwear","9":"pa_filter-color-blau","10":"pa_filter-color-grau","11":"pa_filter-color-gruen","12":"pa_filter-color-schwarz","14":"first","15":"instock","16":"taxable","17":"shipping-taxable","18":"purchasable","19":"product-type-variable","20":"add-to-wishlist-before_image"},"exclude_global_add_ons":[],"addons":[],"acf":[],"_links":{"self":[{"href":"https:\/\/shop.kustom.ch\/it\/wp-json\/wp\/v2\/product\/732052"}],"collection":[{"href":"https:\/\/shop.kustom.ch\/it\/wp-json\/wp\/v2\/product"}],"about":[{"href":"https:\/\/shop.kustom.ch\/it\/wp-json\/wp\/v2\/types\/product"}],"wp:featuredmedia":[{"embeddable":true,"href":"https:\/\/shop.kustom.ch\/it\/wp-json\/wp\/v2\/media\/732113"}],"wp:attachment":[{"href":"https:\/\/shop.kustom.ch\/it\/wp-json\/wp\/v2\/media?parent=732052"}],"wp:term":[{"taxonomy":"product_brand","embeddable":true,"href":"https:\/\/shop.kustom.ch\/it\/wp-json\/wp\/v2\/product_brand?post=732052"},{"taxonomy":"product_cat","embeddable":true,"href":"https:\/\/shop.kustom.ch\/it\/wp-json\/wp\/v2\/product_cat?post=732052"},{"taxonomy":"product_tag","embeddable":true,"href":"https:\/\/shop.kustom.ch\/it\/wp-json\/wp\/v2\/product_tag?post=732052"}],"curies":[{"name":"wp","href":"https:\/\/api.w.org\/{rel}","templated":true}]}}