{"id":731214,"date":"2026-04-01T20:36:35","date_gmt":"2026-04-01T19:36:35","guid":{"rendered":"https:\/\/shop.kustom.ch\/?post_type=product&#038;p=731214"},"modified":"2026-04-01T20:37:55","modified_gmt":"2026-04-01T19:37:55","slug":"pepper-damen-winterjacke","status":"publish","type":"product","link":"https:\/\/shop.kustom.ch\/it\/prodotto\/pepper-damen-winterjacke\/","title":{"rendered":"Giacca invernale da donna Pepper"},"content":{"rendered":"<p>Pepe. Questo bellissimo parka invernale \u00e8 il compagno ideale in caso di vento e intemperie. Il materiale morbido ma robusto \u00e8 garantito impermeabile e vi terr\u00e0 sempre all'asciutto. Il design semplice e la bella vestibilit\u00e0 lo rendono un assoluto richiamo visivo e vi daranno un tocco di stile.<\/p>","protected":false},"excerpt":{"rendered":"<p>Pepe. Questo bellissimo parka invernale \u00e8 il compagno ideale in caso di vento e intemperie. Il materiale morbido ma robusto \u00e8 garantito impermeabile e vi terr\u00e0 sempre all'asciutto. Il design semplice e la bella vestibilit\u00e0 lo rendono un assoluto richiamo visivo e vi daranno un tocco di stile.<\/p>","protected":false},"featured_media":731276,"template":"","meta":[],"product_brand":[],"product_cat":[4186],"product_tag":[],"class_list":{"0":"post-731214","1":"product","2":"type-product","3":"status-publish","4":"has-post-thumbnail","6":"product_cat-jacken","7":"pa_brand-rukka","8":"pa_brand-type-workwear","9":"pa_filter-color-blau","10":"pa_filter-color-gruen","11":"pa_filter-color-rot","13":"first","14":"instock","15":"taxable","16":"shipping-taxable","17":"purchasable","18":"product-type-variable","19":"add-to-wishlist-before_image"},"exclude_global_add_ons":[],"addons":[],"acf":[],"_links":{"self":[{"href":"https:\/\/shop.kustom.ch\/it\/wp-json\/wp\/v2\/product\/731214"}],"collection":[{"href":"https:\/\/shop.kustom.ch\/it\/wp-json\/wp\/v2\/product"}],"about":[{"href":"https:\/\/shop.kustom.ch\/it\/wp-json\/wp\/v2\/types\/product"}],"wp:featuredmedia":[{"embeddable":true,"href":"https:\/\/shop.kustom.ch\/it\/wp-json\/wp\/v2\/media\/731276"}],"wp:attachment":[{"href":"https:\/\/shop.kustom.ch\/it\/wp-json\/wp\/v2\/media?parent=731214"}],"wp:term":[{"taxonomy":"product_brand","embeddable":true,"href":"https:\/\/shop.kustom.ch\/it\/wp-json\/wp\/v2\/product_brand?post=731214"},{"taxonomy":"product_cat","embeddable":true,"href":"https:\/\/shop.kustom.ch\/it\/wp-json\/wp\/v2\/product_cat?post=731214"},{"taxonomy":"product_tag","embeddable":true,"href":"https:\/\/shop.kustom.ch\/it\/wp-json\/wp\/v2\/product_tag?post=731214"}],"curies":[{"name":"wp","href":"https:\/\/api.w.org\/{rel}","templated":true}]}}