{"id":730819,"date":"2026-04-01T20:30:41","date_gmt":"2026-04-01T19:30:41","guid":{"rendered":"https:\/\/shop.kustom.ch\/?post_type=product&#038;p=730819"},"modified":"2026-04-01T20:32:47","modified_gmt":"2026-04-01T19:32:47","slug":"travelcoat-damen-regenmantel","status":"publish","type":"product","link":"https:\/\/shop.kustom.ch\/it\/prodotto\/travelcoat-damen-regenmantel\/","title":{"rendered":"Cappotto da viaggio da donna mackintosh"},"content":{"rendered":"<p>Cappotto da viaggio. Il leggerissimo mackintosh \u00e8 il compagno di viaggio ideale. Pu\u00f2 essere facilmente riposto in uno zaino o in una valigia ed \u00e8 sempre disponibile in caso di vento o di maltempo.<\/p>","protected":false},"excerpt":{"rendered":"<p>Cappotto da viaggio. Il leggerissimo mackintosh \u00e8 il compagno di viaggio ideale. Pu\u00f2 essere facilmente riposto in uno zaino o in una valigia ed \u00e8 sempre disponibile in caso di vento o di maltempo.<\/p>","protected":false},"featured_media":730846,"template":"","meta":[],"product_brand":[],"product_cat":[4186],"product_tag":[],"class_list":{"0":"post-730819","1":"product","2":"type-product","3":"status-publish","4":"has-post-thumbnail","6":"product_cat-jacken","7":"pa_brand-rukka","8":"pa_brand-type-workwear","9":"pa_filter-color-beige","10":"pa_filter-color-blau","11":"pa_filter-color-gelb","12":"pa_filter-color-grau","13":"pa_filter-color-gruen","14":"pa_filter-color-pink","15":"pa_filter-color-rot","16":"pa_filter-color-schwarz","17":"pa_filter-color-violet","19":"first","20":"instock","21":"taxable","22":"shipping-taxable","23":"purchasable","24":"product-type-variable","25":"add-to-wishlist-before_image"},"exclude_global_add_ons":[],"addons":[],"acf":[],"_links":{"self":[{"href":"https:\/\/shop.kustom.ch\/it\/wp-json\/wp\/v2\/product\/730819"}],"collection":[{"href":"https:\/\/shop.kustom.ch\/it\/wp-json\/wp\/v2\/product"}],"about":[{"href":"https:\/\/shop.kustom.ch\/it\/wp-json\/wp\/v2\/types\/product"}],"wp:featuredmedia":[{"embeddable":true,"href":"https:\/\/shop.kustom.ch\/it\/wp-json\/wp\/v2\/media\/730846"}],"wp:attachment":[{"href":"https:\/\/shop.kustom.ch\/it\/wp-json\/wp\/v2\/media?parent=730819"}],"wp:term":[{"taxonomy":"product_brand","embeddable":true,"href":"https:\/\/shop.kustom.ch\/it\/wp-json\/wp\/v2\/product_brand?post=730819"},{"taxonomy":"product_cat","embeddable":true,"href":"https:\/\/shop.kustom.ch\/it\/wp-json\/wp\/v2\/product_cat?post=730819"},{"taxonomy":"product_tag","embeddable":true,"href":"https:\/\/shop.kustom.ch\/it\/wp-json\/wp\/v2\/product_tag?post=730819"}],"curies":[{"name":"wp","href":"https:\/\/api.w.org\/{rel}","templated":true}]}}