{"id":730361,"date":"2026-04-01T20:23:39","date_gmt":"2026-04-01T19:23:39","guid":{"rendered":"https:\/\/shop.kustom.ch\/?post_type=product&#038;p=730361"},"modified":"2026-04-01T20:25:59","modified_gmt":"2026-04-01T19:25:59","slug":"maika-damen-fleecejacke","status":"publish","type":"product","link":"https:\/\/shop.kustom.ch\/it\/prodotto\/maika-damen-fleecejacke\/","title":{"rendered":"Giacca in pile da donna Maika"},"content":{"rendered":"<p>Maika. La giacca in pile dall'accattivante design melange \u00e8 realizzata in micropile di alta qualit\u00e0 ed \u00e8 adatta non solo come giacca leggera da esterno, ma anche come secondo strato riscaldante sotto una giacca invernale e resistente alle intemperie.<\/p>","protected":false},"excerpt":{"rendered":"<p>Maika. La giacca in pile dall'accattivante design melange \u00e8 realizzata in micropile di alta qualit\u00e0 ed \u00e8 adatta non solo come giacca leggera da esterno, ma anche come secondo strato riscaldante sotto una giacca invernale e resistente alle intemperie.<\/p>","protected":false},"featured_media":730419,"template":"","meta":[],"product_brand":[],"product_cat":[4186],"product_tag":[],"class_list":{"0":"post-730361","1":"product","2":"type-product","3":"status-publish","4":"has-post-thumbnail","6":"product_cat-jacken","7":"pa_brand-rukka","8":"pa_brand-type-workwear","9":"pa_filter-color-blau","10":"pa_filter-color-gelb","11":"pa_filter-color-gruen","12":"pa_filter-color-orange","13":"pa_filter-color-schwarz","14":"pa_filter-color-violet","15":"pa_filter-color-weiss","17":"first","18":"instock","19":"taxable","20":"shipping-taxable","21":"purchasable","22":"product-type-variable","23":"add-to-wishlist-before_image"},"exclude_global_add_ons":[],"addons":[],"acf":[],"_links":{"self":[{"href":"https:\/\/shop.kustom.ch\/it\/wp-json\/wp\/v2\/product\/730361"}],"collection":[{"href":"https:\/\/shop.kustom.ch\/it\/wp-json\/wp\/v2\/product"}],"about":[{"href":"https:\/\/shop.kustom.ch\/it\/wp-json\/wp\/v2\/types\/product"}],"wp:featuredmedia":[{"embeddable":true,"href":"https:\/\/shop.kustom.ch\/it\/wp-json\/wp\/v2\/media\/730419"}],"wp:attachment":[{"href":"https:\/\/shop.kustom.ch\/it\/wp-json\/wp\/v2\/media?parent=730361"}],"wp:term":[{"taxonomy":"product_brand","embeddable":true,"href":"https:\/\/shop.kustom.ch\/it\/wp-json\/wp\/v2\/product_brand?post=730361"},{"taxonomy":"product_cat","embeddable":true,"href":"https:\/\/shop.kustom.ch\/it\/wp-json\/wp\/v2\/product_cat?post=730361"},{"taxonomy":"product_tag","embeddable":true,"href":"https:\/\/shop.kustom.ch\/it\/wp-json\/wp\/v2\/product_tag?post=730361"}],"curies":[{"name":"wp","href":"https:\/\/api.w.org\/{rel}","templated":true}]}}