{"id":729930,"date":"2026-04-01T20:14:55","date_gmt":"2026-04-01T19:14:55","guid":{"rendered":"https:\/\/shop.kustom.ch\/?post_type=product&#038;p=729930"},"modified":"2026-04-01T20:18:22","modified_gmt":"2026-04-01T19:18:22","slug":"shelter-damen-regenjacke","status":"publish","type":"product","link":"https:\/\/shop.kustom.ch\/it\/prodotto\/shelter-damen-regenjacke\/","title":{"rendered":"Giacca da pioggia da donna Shelter"},"content":{"rendered":"<p>Rifugio. \u00c8 il compagno perfetto per portare con s\u00e9 una giacca poco ingombrante e impacchettabile. Il materiale elasticizzato offre una buona libert\u00e0 di movimento ed \u00e8 ideale come protezione dalle intemperie sopra una giacca trapuntata o in pile. I colori fluorescenti (salmone neon e limone fluorescente) offrono la massima visibilit\u00e0 diurna e sono perfetti per il traffico stradale.Peso totale taglia 38 = 200 g<\/p>","protected":false},"excerpt":{"rendered":"<p>Rifugio. \u00c8 il compagno perfetto per portare con s\u00e9 una giacca poco ingombrante e impacchettabile. Il materiale elasticizzato offre una buona libert\u00e0 di movimento ed \u00e8 ideale come protezione dalle intemperie sopra una giacca trapuntata o in pile. I colori fluorescenti (salmone neon e limone fluorescente) offrono la massima visibilit\u00e0 diurna e sono perfetti per il traffico stradale.Peso totale taglia 38 = 200 g<\/p>","protected":false},"featured_media":730003,"template":"","meta":[],"product_brand":[],"product_cat":[4186],"product_tag":[],"class_list":{"0":"post-729930","1":"product","2":"type-product","3":"status-publish","4":"has-post-thumbnail","6":"product_cat-jacken","7":"pa_brand-rukka","8":"pa_brand-type-workwear","9":"pa_filter-color-blau","10":"pa_filter-color-gelb","11":"pa_filter-color-grau","12":"pa_filter-color-orange","13":"pa_filter-color-pink","14":"pa_filter-color-schwarz","16":"first","17":"instock","18":"taxable","19":"shipping-taxable","20":"purchasable","21":"product-type-variable","22":"add-to-wishlist-before_image"},"exclude_global_add_ons":[],"addons":[],"acf":[],"_links":{"self":[{"href":"https:\/\/shop.kustom.ch\/it\/wp-json\/wp\/v2\/product\/729930"}],"collection":[{"href":"https:\/\/shop.kustom.ch\/it\/wp-json\/wp\/v2\/product"}],"about":[{"href":"https:\/\/shop.kustom.ch\/it\/wp-json\/wp\/v2\/types\/product"}],"wp:featuredmedia":[{"embeddable":true,"href":"https:\/\/shop.kustom.ch\/it\/wp-json\/wp\/v2\/media\/730003"}],"wp:attachment":[{"href":"https:\/\/shop.kustom.ch\/it\/wp-json\/wp\/v2\/media?parent=729930"}],"wp:term":[{"taxonomy":"product_brand","embeddable":true,"href":"https:\/\/shop.kustom.ch\/it\/wp-json\/wp\/v2\/product_brand?post=729930"},{"taxonomy":"product_cat","embeddable":true,"href":"https:\/\/shop.kustom.ch\/it\/wp-json\/wp\/v2\/product_cat?post=729930"},{"taxonomy":"product_tag","embeddable":true,"href":"https:\/\/shop.kustom.ch\/it\/wp-json\/wp\/v2\/product_tag?post=729930"}],"curies":[{"name":"wp","href":"https:\/\/api.w.org\/{rel}","templated":true}]}}