{"id":729355,"date":"2026-04-01T20:03:21","date_gmt":"2026-04-01T19:03:21","guid":{"rendered":"https:\/\/shop.kustom.ch\/?post_type=product&#038;p=729355"},"modified":"2026-04-01T20:05:00","modified_gmt":"2026-04-01T19:05:00","slug":"emi-kinder-fleece-vest","status":"publish","type":"product","link":"https:\/\/shop.kustom.ch\/it\/prodotto\/emi-kinder-fleece-vest\/","title":{"rendered":"Gilet in pile per bambini Emi"},"content":{"rendered":"<p>Emi. Il gilet in pile per bambini \u00e8 realizzato in un materiale morbido che non solo tiene al caldo, ma \u00e8 anche perfetto per i bambini attivi che amano stare all'aria aperta grazie alla sua traspirabilit\u00e0.<\/p>","protected":false},"excerpt":{"rendered":"<p>Emi. Il gilet in pile per bambini \u00e8 realizzato in un materiale morbido che non solo tiene al caldo, ma \u00e8 anche perfetto per i bambini attivi che amano stare all'aria aperta grazie alla sua traspirabilit\u00e0.<\/p>","protected":false},"featured_media":729421,"template":"","meta":[],"product_brand":[],"product_cat":[4208],"product_tag":[],"class_list":{"0":"post-729355","1":"product","2":"type-product","3":"status-publish","4":"has-post-thumbnail","6":"product_cat-westen","7":"pa_brand-rukka","8":"pa_brand-type-workwear","9":"pa_filter-color-blau","10":"pa_filter-color-gelb","11":"pa_filter-color-violet","13":"first","14":"instock","15":"taxable","16":"shipping-taxable","17":"purchasable","18":"product-type-variable","19":"add-to-wishlist-before_image"},"exclude_global_add_ons":[],"addons":[],"acf":[],"_links":{"self":[{"href":"https:\/\/shop.kustom.ch\/it\/wp-json\/wp\/v2\/product\/729355"}],"collection":[{"href":"https:\/\/shop.kustom.ch\/it\/wp-json\/wp\/v2\/product"}],"about":[{"href":"https:\/\/shop.kustom.ch\/it\/wp-json\/wp\/v2\/types\/product"}],"wp:featuredmedia":[{"embeddable":true,"href":"https:\/\/shop.kustom.ch\/it\/wp-json\/wp\/v2\/media\/729421"}],"wp:attachment":[{"href":"https:\/\/shop.kustom.ch\/it\/wp-json\/wp\/v2\/media?parent=729355"}],"wp:term":[{"taxonomy":"product_brand","embeddable":true,"href":"https:\/\/shop.kustom.ch\/it\/wp-json\/wp\/v2\/product_brand?post=729355"},{"taxonomy":"product_cat","embeddable":true,"href":"https:\/\/shop.kustom.ch\/it\/wp-json\/wp\/v2\/product_cat?post=729355"},{"taxonomy":"product_tag","embeddable":true,"href":"https:\/\/shop.kustom.ch\/it\/wp-json\/wp\/v2\/product_tag?post=729355"}],"curies":[{"name":"wp","href":"https:\/\/api.w.org\/{rel}","templated":true}]}}