{"id":728617,"date":"2026-04-01T19:50:34","date_gmt":"2026-04-01T18:50:34","guid":{"rendered":"https:\/\/shop.kustom.ch\/?post_type=product&#038;p=728617"},"modified":"2026-04-01T19:52:16","modified_gmt":"2026-04-01T18:52:16","slug":"gia-kinder-winterjacke","status":"publish","type":"product","link":"https:\/\/shop.kustom.ch\/it\/prodotto\/gia-kinder-winterjacke\/","title":{"rendered":"Giacca invernale da bambino Gia"},"content":{"rendered":"<p>Gia. Questa calda giacca invernale \u00e8 impermeabile, antivento e traspirante 100%. \u00c8 inoltre dotata di grandi pneumatici fluorescenti sulle maniche per una buona visibilit\u00e0 al crepuscolo.<\/p>","protected":false},"excerpt":{"rendered":"<p>Gia. Questa calda giacca invernale \u00e8 impermeabile, antivento e traspirante 100%. \u00c8 inoltre dotata di grandi pneumatici fluorescenti sulle maniche per una buona visibilit\u00e0 al crepuscolo.<\/p>","protected":false},"featured_media":728671,"template":"","meta":[],"product_brand":[],"product_cat":[4186],"product_tag":[],"class_list":{"0":"post-728617","1":"product","2":"type-product","3":"status-publish","4":"has-post-thumbnail","6":"product_cat-jacken","7":"pa_brand-rukka","8":"pa_brand-type-workwear","9":"pa_filter-color-blau","10":"pa_filter-color-gruen","11":"pa_filter-color-orange","12":"pa_filter-color-violet","14":"first","15":"instock","16":"taxable","17":"shipping-taxable","18":"purchasable","19":"product-type-variable","20":"add-to-wishlist-before_image"},"exclude_global_add_ons":[],"addons":[],"acf":[],"_links":{"self":[{"href":"https:\/\/shop.kustom.ch\/it\/wp-json\/wp\/v2\/product\/728617"}],"collection":[{"href":"https:\/\/shop.kustom.ch\/it\/wp-json\/wp\/v2\/product"}],"about":[{"href":"https:\/\/shop.kustom.ch\/it\/wp-json\/wp\/v2\/types\/product"}],"wp:featuredmedia":[{"embeddable":true,"href":"https:\/\/shop.kustom.ch\/it\/wp-json\/wp\/v2\/media\/728671"}],"wp:attachment":[{"href":"https:\/\/shop.kustom.ch\/it\/wp-json\/wp\/v2\/media?parent=728617"}],"wp:term":[{"taxonomy":"product_brand","embeddable":true,"href":"https:\/\/shop.kustom.ch\/it\/wp-json\/wp\/v2\/product_brand?post=728617"},{"taxonomy":"product_cat","embeddable":true,"href":"https:\/\/shop.kustom.ch\/it\/wp-json\/wp\/v2\/product_cat?post=728617"},{"taxonomy":"product_tag","embeddable":true,"href":"https:\/\/shop.kustom.ch\/it\/wp-json\/wp\/v2\/product_tag?post=728617"}],"curies":[{"name":"wp","href":"https:\/\/api.w.org\/{rel}","templated":true}]}}