{"id":728105,"date":"2026-04-01T19:41:22","date_gmt":"2026-04-01T18:41:22","guid":{"rendered":"https:\/\/shop.kustom.ch\/?post_type=product&#038;p=728105"},"modified":"2026-04-01T19:42:54","modified_gmt":"2026-04-01T18:42:54","slug":"olaf-seamless-langarm-shirt","status":"publish","type":"product","link":"https:\/\/shop.kustom.ch\/it\/prodotto\/olaf-seamless-langarm-shirt\/","title":{"rendered":"Camicia a maniche lunghe Olaf Seamless"},"content":{"rendered":"<p>Camicia senza cuciture Olaf. Grazie al DRYARN\u00ae, la biancheria intima senza cuciture \u00e8 particolarmente comoda da indossare. La microfibra di polipropilene ad alte prestazioni \u00e8 stata sviluppata appositamente per lo sport e offre un trasporto ottimale dell'umidit\u00e0 e un'elevata traspirabilit\u00e0. Si adatta al corpo e sembra una seconda pelle. L'assenza di poliestere impedisce la formazione di odori sgradevoli anche se indossata per lunghi periodi.<\/p>","protected":false},"excerpt":{"rendered":"<p>Olaf Seamless Shirt. Dank DRYARN&reg; ist die nahtlose W&auml;sche besonders angenehm zu tragen. Die leistungsstarke Mikrofaser aus Polypropylen wurde speziell f&#xFC;r den Sport entwickelt und bietet optimalen Feuchtigkeitstransport sowie hohe Atmungsaktivit&auml;t. Sie sitzt eng am K&ouml;rper und f&#xFC;hlt sich an wie eine zweite Haut. Der Verzicht auf Polyester beugt unangenehmen Ger&#xFC;chen auch bei l&auml;ngerem Tragen [&hellip;]<\/p>\n","protected":false},"featured_media":728155,"template":"","meta":[],"product_brand":[],"product_cat":[4201],"product_tag":[],"class_list":{"0":"post-728105","1":"product","2":"type-product","3":"status-publish","4":"has-post-thumbnail","6":"product_cat-t-shirts","7":"pa_brand-rukka","8":"pa_brand-type-workwear","9":"pa_filter-color-schwarz","11":"first","12":"instock","13":"taxable","14":"shipping-taxable","15":"purchasable","16":"product-type-variable","17":"add-to-wishlist-before_image"},"exclude_global_add_ons":[],"addons":[],"acf":[],"_links":{"self":[{"href":"https:\/\/shop.kustom.ch\/it\/wp-json\/wp\/v2\/product\/728105"}],"collection":[{"href":"https:\/\/shop.kustom.ch\/it\/wp-json\/wp\/v2\/product"}],"about":[{"href":"https:\/\/shop.kustom.ch\/it\/wp-json\/wp\/v2\/types\/product"}],"wp:featuredmedia":[{"embeddable":true,"href":"https:\/\/shop.kustom.ch\/it\/wp-json\/wp\/v2\/media\/728155"}],"wp:attachment":[{"href":"https:\/\/shop.kustom.ch\/it\/wp-json\/wp\/v2\/media?parent=728105"}],"wp:term":[{"taxonomy":"product_brand","embeddable":true,"href":"https:\/\/shop.kustom.ch\/it\/wp-json\/wp\/v2\/product_brand?post=728105"},{"taxonomy":"product_cat","embeddable":true,"href":"https:\/\/shop.kustom.ch\/it\/wp-json\/wp\/v2\/product_cat?post=728105"},{"taxonomy":"product_tag","embeddable":true,"href":"https:\/\/shop.kustom.ch\/it\/wp-json\/wp\/v2\/product_tag?post=728105"}],"curies":[{"name":"wp","href":"https:\/\/api.w.org\/{rel}","templated":true}]}}