{"id":728081,"date":"2026-04-01T19:40:57","date_gmt":"2026-04-01T18:40:57","guid":{"rendered":"https:\/\/shop.kustom.ch\/?post_type=product&#038;p=728081"},"modified":"2026-04-01T19:42:52","modified_gmt":"2026-04-01T18:42:52","slug":"vital-herren-hose","status":"publish","type":"product","link":"https:\/\/shop.kustom.ch\/it\/prodotto\/vital-herren-hose\/","title":{"rendered":"Pantaloni da uomo Vital"},"content":{"rendered":"<p>Pantaloni da uomo Vital. Questi pantaloni mantengono la temperatura corporea nell'intervallo ideale - n\u00e9 troppo caldo, n\u00e9 troppo freddo - anche in presenza di forti oscillazioni e di attivit\u00e0 mutevoli. Sono caratterizzati da un'efficace regolazione dell'umidit\u00e0 e da una piacevole sensazione al tatto per un elevato livello di comfort. Il tessuto di alta qualit\u00e0 \u00e8 adatto sia alle giornate attive che all'abbigliamento quotidiano. La solidit\u00e0 del colore e il mantenimento della forma assicurano una vestibilit\u00e0 e una durata durature.<\/p>","protected":false},"excerpt":{"rendered":"<p>Vital&nbsp;Herren Hose. Diese Hose h&auml;lt die K&ouml;rpertemperatur auch bei starken Schwankungen und wechselnder Aktivit&auml;t im idealen Bereich &#x2013; nicht zu warm, nicht zu kalt. Sie &#xFC;berzeugt durch effektive Feuchtigkeitsregulierung und einen angenehmen Griff f&#xFC;r hohen Tragekomfort. Die hochwertige Qualit&auml;t eignet sich sowohl f&#xFC;r aktive Tage als auch f&#xFC;r den Alltag. Farbechtheit und Formbest&auml;ndigkeit sorgen f&#xFC;r [&hellip;]<\/p>\n","protected":false},"featured_media":728147,"template":"","meta":[],"product_brand":[],"product_cat":[4185],"product_tag":[],"class_list":{"0":"post-728081","1":"product","2":"type-product","3":"status-publish","4":"has-post-thumbnail","6":"product_cat-hosen","7":"pa_brand-rukka","8":"pa_brand-type-workwear","9":"pa_filter-color-schwarz","11":"first","12":"instock","13":"taxable","14":"shipping-taxable","15":"purchasable","16":"product-type-variable","17":"add-to-wishlist-before_image"},"exclude_global_add_ons":[],"addons":[],"acf":[],"_links":{"self":[{"href":"https:\/\/shop.kustom.ch\/it\/wp-json\/wp\/v2\/product\/728081"}],"collection":[{"href":"https:\/\/shop.kustom.ch\/it\/wp-json\/wp\/v2\/product"}],"about":[{"href":"https:\/\/shop.kustom.ch\/it\/wp-json\/wp\/v2\/types\/product"}],"wp:featuredmedia":[{"embeddable":true,"href":"https:\/\/shop.kustom.ch\/it\/wp-json\/wp\/v2\/media\/728147"}],"wp:attachment":[{"href":"https:\/\/shop.kustom.ch\/it\/wp-json\/wp\/v2\/media?parent=728081"}],"wp:term":[{"taxonomy":"product_brand","embeddable":true,"href":"https:\/\/shop.kustom.ch\/it\/wp-json\/wp\/v2\/product_brand?post=728081"},{"taxonomy":"product_cat","embeddable":true,"href":"https:\/\/shop.kustom.ch\/it\/wp-json\/wp\/v2\/product_cat?post=728081"},{"taxonomy":"product_tag","embeddable":true,"href":"https:\/\/shop.kustom.ch\/it\/wp-json\/wp\/v2\/product_tag?post=728081"}],"curies":[{"name":"wp","href":"https:\/\/api.w.org\/{rel}","templated":true}]}}