{"id":728080,"date":"2026-04-01T19:40:57","date_gmt":"2026-04-01T18:40:57","guid":{"rendered":"https:\/\/shop.kustom.ch\/?post_type=product&#038;p=728080"},"modified":"2026-04-01T19:42:23","modified_gmt":"2026-04-01T18:42:23","slug":"vital-herren-langarm-shirt","status":"publish","type":"product","link":"https:\/\/shop.kustom.ch\/it\/prodotto\/vital-herren-langarm-shirt\/","title":{"rendered":"Camicia a maniche lunghe Vital da uomo"},"content":{"rendered":"<p>Camicia da uomo Vital. La camicia mantiene sempre la temperatura corporea all'interno della zona di comfort, anche in caso di forti fluttuazioni e di attivit\u00e0 mutevoli: n\u00e9 troppo caldo, n\u00e9 troppo freddo. Un'efficace regolazione dell'umidit\u00e0 e una sensazione piacevole al tatto assicurano un elevato livello di comfort. La qualit\u00e0 non convince solo nelle giornate di attivit\u00e0 fisica, ma anche nella vita di tutti i giorni. La solidit\u00e0 del colore e il mantenimento della forma garantiscono una lunga durata.<\/p>","protected":false},"excerpt":{"rendered":"<p>Camicia da uomo Vital. La camicia mantiene sempre la temperatura corporea all'interno della zona di comfort, anche in caso di forti fluttuazioni e di attivit\u00e0 mutevoli: n\u00e9 troppo caldo, n\u00e9 troppo freddo. Un'efficace regolazione dell'umidit\u00e0 e una sensazione piacevole al tatto assicurano un elevato livello di comfort. La qualit\u00e0 non convince solo nelle giornate di attivit\u00e0 fisica, ma anche nella vita di tutti i giorni. La solidit\u00e0 del colore e il mantenimento della forma garantiscono una lunga durata.<\/p>","protected":false},"featured_media":728130,"template":"","meta":[],"product_brand":[],"product_cat":[4201],"product_tag":[],"class_list":{"0":"post-728080","1":"product","2":"type-product","3":"status-publish","4":"has-post-thumbnail","6":"product_cat-t-shirts","7":"pa_brand-rukka","8":"pa_brand-type-workwear","9":"pa_filter-color-schwarz","10":"pa_filter-color-weiss","12":"first","13":"instock","14":"taxable","15":"shipping-taxable","16":"purchasable","17":"product-type-variable","18":"add-to-wishlist-before_image"},"exclude_global_add_ons":[],"addons":[],"acf":[],"_links":{"self":[{"href":"https:\/\/shop.kustom.ch\/it\/wp-json\/wp\/v2\/product\/728080"}],"collection":[{"href":"https:\/\/shop.kustom.ch\/it\/wp-json\/wp\/v2\/product"}],"about":[{"href":"https:\/\/shop.kustom.ch\/it\/wp-json\/wp\/v2\/types\/product"}],"wp:featuredmedia":[{"embeddable":true,"href":"https:\/\/shop.kustom.ch\/it\/wp-json\/wp\/v2\/media\/728130"}],"wp:attachment":[{"href":"https:\/\/shop.kustom.ch\/it\/wp-json\/wp\/v2\/media?parent=728080"}],"wp:term":[{"taxonomy":"product_brand","embeddable":true,"href":"https:\/\/shop.kustom.ch\/it\/wp-json\/wp\/v2\/product_brand?post=728080"},{"taxonomy":"product_cat","embeddable":true,"href":"https:\/\/shop.kustom.ch\/it\/wp-json\/wp\/v2\/product_cat?post=728080"},{"taxonomy":"product_tag","embeddable":true,"href":"https:\/\/shop.kustom.ch\/it\/wp-json\/wp\/v2\/product_tag?post=728080"}],"curies":[{"name":"wp","href":"https:\/\/api.w.org\/{rel}","templated":true}]}}