{"id":727694,"date":"2026-04-01T19:33:40","date_gmt":"2026-04-01T18:33:40","guid":{"rendered":"https:\/\/shop.kustom.ch\/?post_type=product&#038;p=727694"},"modified":"2026-04-01T19:34:40","modified_gmt":"2026-04-01T18:34:40","slug":"leano-herren-thermo-jacke","status":"publish","type":"product","link":"https:\/\/shop.kustom.ch\/it\/prodotto\/leano-herren-thermo-jacke\/","title":{"rendered":"Giacca termica da uomo Leano"},"content":{"rendered":"<p>Leano. Questo modello \u00e8 stato imbottito con uno strato superleggero di nuova concezione, che grazie alla sua densit\u00e0 \u00e8 quasi privo di peso e allo stesso tempo presenta elevati valori di isolamento. Grazie alla membrana funzionale (10.000 mm), il Leano \u00e8 anche 100 % resistente alle intemperie.<\/p>","protected":false},"excerpt":{"rendered":"<p>Leano. Questo modello \u00e8 stato imbottito con uno strato superleggero di nuova concezione, che grazie alla sua densit\u00e0 \u00e8 quasi privo di peso e allo stesso tempo presenta elevati valori di isolamento. Grazie alla membrana funzionale (10.000 mm), il Leano \u00e8 anche 100 % resistente alle intemperie.<\/p>","protected":false},"featured_media":727737,"template":"","meta":[],"product_brand":[],"product_cat":[4186],"product_tag":[],"class_list":{"0":"post-727694","1":"product","2":"type-product","3":"status-publish","4":"has-post-thumbnail","6":"product_cat-jacken","7":"pa_brand-rukka","8":"pa_brand-type-workwear","9":"pa_filter-color-gruen","10":"pa_filter-color-schwarz","12":"first","13":"instock","14":"taxable","15":"shipping-taxable","16":"purchasable","17":"product-type-variable","18":"add-to-wishlist-before_image"},"exclude_global_add_ons":[],"addons":[],"acf":[],"_links":{"self":[{"href":"https:\/\/shop.kustom.ch\/it\/wp-json\/wp\/v2\/product\/727694"}],"collection":[{"href":"https:\/\/shop.kustom.ch\/it\/wp-json\/wp\/v2\/product"}],"about":[{"href":"https:\/\/shop.kustom.ch\/it\/wp-json\/wp\/v2\/types\/product"}],"wp:featuredmedia":[{"embeddable":true,"href":"https:\/\/shop.kustom.ch\/it\/wp-json\/wp\/v2\/media\/727737"}],"wp:attachment":[{"href":"https:\/\/shop.kustom.ch\/it\/wp-json\/wp\/v2\/media?parent=727694"}],"wp:term":[{"taxonomy":"product_brand","embeddable":true,"href":"https:\/\/shop.kustom.ch\/it\/wp-json\/wp\/v2\/product_brand?post=727694"},{"taxonomy":"product_cat","embeddable":true,"href":"https:\/\/shop.kustom.ch\/it\/wp-json\/wp\/v2\/product_cat?post=727694"},{"taxonomy":"product_tag","embeddable":true,"href":"https:\/\/shop.kustom.ch\/it\/wp-json\/wp\/v2\/product_tag?post=727694"}],"curies":[{"name":"wp","href":"https:\/\/api.w.org\/{rel}","templated":true}]}}