{"id":727661,"date":"2026-04-01T19:33:10","date_gmt":"2026-04-01T18:33:10","guid":{"rendered":"https:\/\/shop.kustom.ch\/?post_type=product&#038;p=727661"},"modified":"2026-04-01T19:34:38","modified_gmt":"2026-04-01T18:34:38","slug":"esin-merino-herren-t-shirt","status":"publish","type":"product","link":"https:\/\/shop.kustom.ch\/it\/prodotto\/esin-merino-herren-t-shirt\/","title":{"rendered":"Maglietta Esin Merino da uomo"},"content":{"rendered":"<p>T-shirt Esin Merino. Grazie alle sue propriet\u00e0 termoregolatrici, rinfresca nei periodi pi\u00f9 caldi e si sente piacevolmente sulla pelle. L'effetto antibatterico e l'eccellente trasporto dell'umidit\u00e0 la rendono il compagno ideale per le giornate attive.<\/p>","protected":false},"excerpt":{"rendered":"<p>T-shirt Esin Merino. Grazie alle sue propriet\u00e0 termoregolatrici, rinfresca nei periodi pi\u00f9 caldi e si sente piacevolmente sulla pelle. L'effetto antibatterico e l'eccellente trasporto dell'umidit\u00e0 la rendono il compagno ideale per le giornate attive.<\/p>","protected":false},"featured_media":727711,"template":"","meta":[],"product_brand":[],"product_cat":[4201],"product_tag":[],"class_list":{"0":"post-727661","1":"product","2":"type-product","3":"status-publish","4":"has-post-thumbnail","6":"product_cat-t-shirts","7":"pa_brand-rukka","8":"pa_brand-type-workwear","9":"pa_filter-color-blau","10":"pa_filter-color-gruen","12":"first","13":"instock","14":"taxable","15":"shipping-taxable","16":"purchasable","17":"product-type-variable","18":"add-to-wishlist-before_image"},"exclude_global_add_ons":[],"addons":[],"acf":[],"_links":{"self":[{"href":"https:\/\/shop.kustom.ch\/it\/wp-json\/wp\/v2\/product\/727661"}],"collection":[{"href":"https:\/\/shop.kustom.ch\/it\/wp-json\/wp\/v2\/product"}],"about":[{"href":"https:\/\/shop.kustom.ch\/it\/wp-json\/wp\/v2\/types\/product"}],"wp:featuredmedia":[{"embeddable":true,"href":"https:\/\/shop.kustom.ch\/it\/wp-json\/wp\/v2\/media\/727711"}],"wp:attachment":[{"href":"https:\/\/shop.kustom.ch\/it\/wp-json\/wp\/v2\/media?parent=727661"}],"wp:term":[{"taxonomy":"product_brand","embeddable":true,"href":"https:\/\/shop.kustom.ch\/it\/wp-json\/wp\/v2\/product_brand?post=727661"},{"taxonomy":"product_cat","embeddable":true,"href":"https:\/\/shop.kustom.ch\/it\/wp-json\/wp\/v2\/product_cat?post=727661"},{"taxonomy":"product_tag","embeddable":true,"href":"https:\/\/shop.kustom.ch\/it\/wp-json\/wp\/v2\/product_tag?post=727661"}],"curies":[{"name":"wp","href":"https:\/\/api.w.org\/{rel}","templated":true}]}}