{"id":727141,"date":"2026-04-01T19:23:56","date_gmt":"2026-04-01T18:23:56","guid":{"rendered":"https:\/\/shop.kustom.ch\/?post_type=product&#038;p=727141"},"modified":"2026-04-01T19:25:20","modified_gmt":"2026-04-01T18:25:20","slug":"fisher-herren-sherpa-gilet","status":"publish","type":"product","link":"https:\/\/shop.kustom.ch\/it\/prodotto\/fisher-herren-sherpa-gilet\/","title":{"rendered":"Gilet Sherpa Fisher da uomo"},"content":{"rendered":"<p>Fisher. Questo gilet leggero in pile sherpa piacevolmente caldo non \u00e8 solo adatto alle attivit\u00e0 sportive del tempo libero, ma pu\u00f2 anche essere indossato comodamente sotto una giacca resistente alle intemperie. Versatile, questo gilet \u00e8 adatto a qualsiasi occasione.<\/p>","protected":false},"excerpt":{"rendered":"<p>Fisher. Questo gilet leggero in pile sherpa piacevolmente caldo non \u00e8 solo adatto alle attivit\u00e0 sportive del tempo libero, ma pu\u00f2 anche essere indossato comodamente sotto una giacca resistente alle intemperie. Versatile, questo gilet \u00e8 adatto a qualsiasi occasione.<\/p>","protected":false},"featured_media":727197,"template":"","meta":[],"product_brand":[],"product_cat":[4208],"product_tag":[],"class_list":{"0":"post-727141","1":"product","2":"type-product","3":"status-publish","4":"has-post-thumbnail","6":"product_cat-westen","7":"pa_brand-rukka","8":"pa_brand-type-workwear","9":"pa_filter-color-gruen","10":"pa_filter-color-schwarz","11":"pa_filter-color-weiss","13":"first","14":"instock","15":"taxable","16":"shipping-taxable","17":"purchasable","18":"product-type-variable","19":"add-to-wishlist-before_image"},"exclude_global_add_ons":[],"addons":[],"acf":[],"_links":{"self":[{"href":"https:\/\/shop.kustom.ch\/it\/wp-json\/wp\/v2\/product\/727141"}],"collection":[{"href":"https:\/\/shop.kustom.ch\/it\/wp-json\/wp\/v2\/product"}],"about":[{"href":"https:\/\/shop.kustom.ch\/it\/wp-json\/wp\/v2\/types\/product"}],"wp:featuredmedia":[{"embeddable":true,"href":"https:\/\/shop.kustom.ch\/it\/wp-json\/wp\/v2\/media\/727197"}],"wp:attachment":[{"href":"https:\/\/shop.kustom.ch\/it\/wp-json\/wp\/v2\/media?parent=727141"}],"wp:term":[{"taxonomy":"product_brand","embeddable":true,"href":"https:\/\/shop.kustom.ch\/it\/wp-json\/wp\/v2\/product_brand?post=727141"},{"taxonomy":"product_cat","embeddable":true,"href":"https:\/\/shop.kustom.ch\/it\/wp-json\/wp\/v2\/product_cat?post=727141"},{"taxonomy":"product_tag","embeddable":true,"href":"https:\/\/shop.kustom.ch\/it\/wp-json\/wp\/v2\/product_tag?post=727141"}],"curies":[{"name":"wp","href":"https:\/\/api.w.org\/{rel}","templated":true}]}}