{"id":726974,"date":"2026-04-01T19:21:16","date_gmt":"2026-04-01T18:21:16","guid":{"rendered":"https:\/\/shop.kustom.ch\/?post_type=product&#038;p=726974"},"modified":"2026-04-01T19:22:30","modified_gmt":"2026-04-01T18:22:30","slug":"haze-3-lagen-herrenjacke","status":"publish","type":"product","link":"https:\/\/shop.kustom.ch\/it\/prodotto\/haze-3-lagen-herrenjacke\/","title":{"rendered":"Giacca Haze 3 strati da uomo"},"content":{"rendered":"<p>Haze. La nuova giacca da uomo a 3 strati \u00e8 una protezione versatile dalle intemperie per tutto l'anno e per tutte le attivit\u00e0 all'aperto. Grazie al paraneve e alla tasca per i biglietti, la giacca \u00e8 perfetta per le piste in inverno e pu\u00f2 essere indossata come protezione per le attivit\u00e0 all'aperto in estate.<\/p>","protected":false},"excerpt":{"rendered":"<p>Haze. La nuova giacca da uomo a 3 strati \u00e8 una protezione versatile dalle intemperie per tutto l'anno e per tutte le attivit\u00e0 all'aperto. Grazie al paraneve e alla tasca per i biglietti, la giacca \u00e8 perfetta per le piste in inverno e pu\u00f2 essere indossata come protezione per le attivit\u00e0 all'aperto in estate.<\/p>","protected":false},"featured_media":727023,"template":"","meta":[],"product_brand":[],"product_cat":[4186],"product_tag":[],"class_list":{"0":"post-726974","1":"product","2":"type-product","3":"status-publish","4":"has-post-thumbnail","6":"product_cat-jacken","7":"pa_brand-rukka","8":"pa_brand-type-workwear","9":"pa_filter-color-blau","10":"pa_filter-color-gelb","11":"pa_filter-color-gruen","12":"pa_filter-color-schwarz","14":"first","15":"instock","16":"taxable","17":"shipping-taxable","18":"purchasable","19":"product-type-variable","20":"add-to-wishlist-before_image"},"exclude_global_add_ons":[],"addons":[],"acf":[],"_links":{"self":[{"href":"https:\/\/shop.kustom.ch\/it\/wp-json\/wp\/v2\/product\/726974"}],"collection":[{"href":"https:\/\/shop.kustom.ch\/it\/wp-json\/wp\/v2\/product"}],"about":[{"href":"https:\/\/shop.kustom.ch\/it\/wp-json\/wp\/v2\/types\/product"}],"wp:featuredmedia":[{"embeddable":true,"href":"https:\/\/shop.kustom.ch\/it\/wp-json\/wp\/v2\/media\/727023"}],"wp:attachment":[{"href":"https:\/\/shop.kustom.ch\/it\/wp-json\/wp\/v2\/media?parent=726974"}],"wp:term":[{"taxonomy":"product_brand","embeddable":true,"href":"https:\/\/shop.kustom.ch\/it\/wp-json\/wp\/v2\/product_brand?post=726974"},{"taxonomy":"product_cat","embeddable":true,"href":"https:\/\/shop.kustom.ch\/it\/wp-json\/wp\/v2\/product_cat?post=726974"},{"taxonomy":"product_tag","embeddable":true,"href":"https:\/\/shop.kustom.ch\/it\/wp-json\/wp\/v2\/product_tag?post=726974"}],"curies":[{"name":"wp","href":"https:\/\/api.w.org\/{rel}","templated":true}]}}