{"id":726780,"date":"2026-04-01T19:17:31","date_gmt":"2026-04-01T18:17:31","guid":{"rendered":"https:\/\/shop.kustom.ch\/?post_type=product&#038;p=726780"},"modified":"2026-04-01T19:18:56","modified_gmt":"2026-04-01T18:18:56","slug":"elwin-herren-hybrid-jacke","status":"publish","type":"product","link":"https:\/\/shop.kustom.ch\/it\/prodotto\/elwin-herren-hybrid-jacke\/","title":{"rendered":"Giacca ibrida da uomo Elwin"},"content":{"rendered":"<p>Elwin. Che si tratti di escursioni, arrampicate o sci, questa giacca ibrida \u00e8 il compagno ideale per chi apprezza funzionalit\u00e0 e comfort. La parte anteriore \u00e8 foderata con un'accogliente imbottitura no-down, mentre la parte posteriore \u00e8 leggera e altamente traspirante. Questo la rende particolarmente comoda e pratica allo stesso tempo.<\/p>","protected":false},"excerpt":{"rendered":"<p>Elwin. Che si tratti di escursioni, arrampicate o sci, questa giacca ibrida \u00e8 il compagno ideale per chi apprezza funzionalit\u00e0 e comfort. La parte anteriore \u00e8 foderata con un'accogliente imbottitura no-down, mentre la parte posteriore \u00e8 leggera e altamente traspirante. Questo la rende particolarmente comoda e pratica allo stesso tempo.<\/p>","protected":false},"featured_media":726831,"template":"","meta":[],"product_brand":[],"product_cat":[4186],"product_tag":[],"class_list":{"0":"post-726780","1":"product","2":"type-product","3":"status-publish","4":"has-post-thumbnail","6":"product_cat-jacken","7":"pa_brand-rukka","8":"pa_brand-type-workwear","9":"pa_filter-color-blau","10":"pa_filter-color-schwarz","12":"first","13":"instock","14":"taxable","15":"shipping-taxable","16":"purchasable","17":"product-type-variable","18":"add-to-wishlist-before_image"},"exclude_global_add_ons":[],"addons":[],"acf":[],"_links":{"self":[{"href":"https:\/\/shop.kustom.ch\/it\/wp-json\/wp\/v2\/product\/726780"}],"collection":[{"href":"https:\/\/shop.kustom.ch\/it\/wp-json\/wp\/v2\/product"}],"about":[{"href":"https:\/\/shop.kustom.ch\/it\/wp-json\/wp\/v2\/types\/product"}],"wp:featuredmedia":[{"embeddable":true,"href":"https:\/\/shop.kustom.ch\/it\/wp-json\/wp\/v2\/media\/726831"}],"wp:attachment":[{"href":"https:\/\/shop.kustom.ch\/it\/wp-json\/wp\/v2\/media?parent=726780"}],"wp:term":[{"taxonomy":"product_brand","embeddable":true,"href":"https:\/\/shop.kustom.ch\/it\/wp-json\/wp\/v2\/product_brand?post=726780"},{"taxonomy":"product_cat","embeddable":true,"href":"https:\/\/shop.kustom.ch\/it\/wp-json\/wp\/v2\/product_cat?post=726780"},{"taxonomy":"product_tag","embeddable":true,"href":"https:\/\/shop.kustom.ch\/it\/wp-json\/wp\/v2\/product_tag?post=726780"}],"curies":[{"name":"wp","href":"https:\/\/api.w.org\/{rel}","templated":true}]}}