{"id":726722,"date":"2026-04-01T19:16:36","date_gmt":"2026-04-01T18:16:36","guid":{"rendered":"https:\/\/shop.kustom.ch\/?post_type=product&#038;p=726722"},"modified":"2026-04-01T19:18:00","modified_gmt":"2026-04-01T18:18:00","slug":"myles-herren-trekking-hemd","status":"publish","type":"product","link":"https:\/\/shop.kustom.ch\/it\/prodotto\/myles-herren-trekking-hemd\/","title":{"rendered":"Camicia da trekking da uomo Myles"},"content":{"rendered":"<p>Myles. La funzionale camicia da trekking non \u00e8 stirabile, \u00e8 traspirante ed \u00e8 estremamente comoda da indossare. Anche dopo molti lavaggi, rimane assolutamente inalterata nei colori.<\/p>","protected":false},"excerpt":{"rendered":"<p>Myles. La funzionale camicia da trekking non \u00e8 stirabile, \u00e8 traspirante ed \u00e8 estremamente comoda da indossare. Anche dopo molti lavaggi, rimane assolutamente inalterata nei colori.<\/p>","protected":false},"featured_media":726787,"template":"","meta":[],"product_brand":[],"product_cat":[9874],"product_tag":[],"class_list":{"0":"post-726722","1":"product","2":"type-product","3":"status-publish","4":"has-post-thumbnail","6":"product_cat-hemden","7":"pa_brand-rukka","8":"pa_brand-type-workwear","9":"pa_filter-color-blau","10":"pa_filter-color-grau","12":"first","13":"instock","14":"taxable","15":"shipping-taxable","16":"purchasable","17":"product-type-variable","18":"add-to-wishlist-before_image"},"exclude_global_add_ons":[],"addons":[],"acf":[],"_links":{"self":[{"href":"https:\/\/shop.kustom.ch\/it\/wp-json\/wp\/v2\/product\/726722"}],"collection":[{"href":"https:\/\/shop.kustom.ch\/it\/wp-json\/wp\/v2\/product"}],"about":[{"href":"https:\/\/shop.kustom.ch\/it\/wp-json\/wp\/v2\/types\/product"}],"wp:featuredmedia":[{"embeddable":true,"href":"https:\/\/shop.kustom.ch\/it\/wp-json\/wp\/v2\/media\/726787"}],"wp:attachment":[{"href":"https:\/\/shop.kustom.ch\/it\/wp-json\/wp\/v2\/media?parent=726722"}],"wp:term":[{"taxonomy":"product_brand","embeddable":true,"href":"https:\/\/shop.kustom.ch\/it\/wp-json\/wp\/v2\/product_brand?post=726722"},{"taxonomy":"product_cat","embeddable":true,"href":"https:\/\/shop.kustom.ch\/it\/wp-json\/wp\/v2\/product_cat?post=726722"},{"taxonomy":"product_tag","embeddable":true,"href":"https:\/\/shop.kustom.ch\/it\/wp-json\/wp\/v2\/product_tag?post=726722"}],"curies":[{"name":"wp","href":"https:\/\/api.w.org\/{rel}","templated":true}]}}