{"id":725711,"date":"2026-04-01T19:01:13","date_gmt":"2026-04-01T18:01:13","guid":{"rendered":"https:\/\/shop.kustom.ch\/?post_type=product&#038;p=725711"},"modified":"2026-04-01T19:02:35","modified_gmt":"2026-04-01T18:02:35","slug":"erik-kinder-fleece-zip-hoodie","status":"publish","type":"product","link":"https:\/\/shop.kustom.ch\/it\/prodotto\/erik-kinder-fleece-zip-hoodie\/","title":{"rendered":"Felpa con zip in pile per bambini Erik"},"content":{"rendered":"<p>Erik. La giacca in pile non \u00e8 solo fresca, ma anche super leggera e piacevolmente isolante. \u00c8 il compagno ideale per l'uso quotidiano e, grazie al micropile di alta qualit\u00e0, mantiene il colore e la forma anche dopo molti lavaggi.<\/p>","protected":false},"excerpt":{"rendered":"<p>Erik. La giacca in pile non \u00e8 solo fresca, ma anche super leggera e piacevolmente isolante. \u00c8 il compagno ideale per l'uso quotidiano e, grazie al micropile di alta qualit\u00e0, mantiene il colore e la forma anche dopo molti lavaggi.<\/p>","protected":false},"featured_media":725739,"template":"","meta":[],"product_brand":[],"product_cat":[4184],"product_tag":[],"class_list":{"0":"post-725711","1":"product","2":"type-product","3":"status-publish","4":"has-post-thumbnail","6":"product_cat-hoodies-pullover","7":"pa_brand-rukka","8":"pa_brand-type-workwear","9":"pa_filter-color-blau","10":"pa_filter-color-gelb","11":"pa_filter-color-gruen","12":"pa_filter-color-pink","14":"first","15":"instock","16":"taxable","17":"shipping-taxable","18":"purchasable","19":"product-type-variable","20":"add-to-wishlist-before_image"},"exclude_global_add_ons":[],"addons":[],"acf":[],"_links":{"self":[{"href":"https:\/\/shop.kustom.ch\/it\/wp-json\/wp\/v2\/product\/725711"}],"collection":[{"href":"https:\/\/shop.kustom.ch\/it\/wp-json\/wp\/v2\/product"}],"about":[{"href":"https:\/\/shop.kustom.ch\/it\/wp-json\/wp\/v2\/types\/product"}],"wp:featuredmedia":[{"embeddable":true,"href":"https:\/\/shop.kustom.ch\/it\/wp-json\/wp\/v2\/media\/725739"}],"wp:attachment":[{"href":"https:\/\/shop.kustom.ch\/it\/wp-json\/wp\/v2\/media?parent=725711"}],"wp:term":[{"taxonomy":"product_brand","embeddable":true,"href":"https:\/\/shop.kustom.ch\/it\/wp-json\/wp\/v2\/product_brand?post=725711"},{"taxonomy":"product_cat","embeddable":true,"href":"https:\/\/shop.kustom.ch\/it\/wp-json\/wp\/v2\/product_cat?post=725711"},{"taxonomy":"product_tag","embeddable":true,"href":"https:\/\/shop.kustom.ch\/it\/wp-json\/wp\/v2\/product_tag?post=725711"}],"curies":[{"name":"wp","href":"https:\/\/api.w.org\/{rel}","templated":true}]}}