{"id":725540,"date":"2026-04-01T18:58:27","date_gmt":"2026-04-01T17:58:27","guid":{"rendered":"https:\/\/shop.kustom.ch\/?post_type=product&#038;p=725540"},"modified":"2026-04-01T18:59:39","modified_gmt":"2026-04-01T17:59:39","slug":"jazz-herren-soft-shell-jacke","status":"publish","type":"product","link":"https:\/\/shop.kustom.ch\/it\/prodotto\/jazz-herren-soft-shell-jacke\/","title":{"rendered":"Giacca soft shell da uomo Jazz"},"content":{"rendered":"<p>Jazz. Questa leggera giacca soft shell \u00e8 antivento, traspirante e persino idrorepellente. Pu\u00f2 essere utilizzata in diversi modi ed \u00e8 adatta per una rilassante passeggiata nel bosco, per un'escursione in montagna, come giacca per il tempo libero o per un'intensa attivit\u00e0 di nordic walking.<\/p>","protected":false},"excerpt":{"rendered":"<p>Jazz. Questa leggera giacca soft shell \u00e8 antivento, traspirante e persino idrorepellente. Pu\u00f2 essere utilizzata in diversi modi ed \u00e8 adatta per una rilassante passeggiata nel bosco, per un'escursione in montagna, come giacca per il tempo libero o per un'intensa attivit\u00e0 di nordic walking.<\/p>","protected":false},"featured_media":725588,"template":"","meta":[],"product_brand":[],"product_cat":[4186],"product_tag":[],"class_list":{"0":"post-725540","1":"product","2":"type-product","3":"status-publish","4":"has-post-thumbnail","6":"product_cat-jacken","7":"pa_brand-rukka","8":"pa_brand-type-workwear","9":"pa_filter-color-grau","10":"pa_filter-color-schwarz","12":"first","13":"instock","14":"taxable","15":"shipping-taxable","16":"purchasable","17":"product-type-variable","18":"add-to-wishlist-before_image"},"exclude_global_add_ons":[],"addons":[],"acf":[],"_links":{"self":[{"href":"https:\/\/shop.kustom.ch\/it\/wp-json\/wp\/v2\/product\/725540"}],"collection":[{"href":"https:\/\/shop.kustom.ch\/it\/wp-json\/wp\/v2\/product"}],"about":[{"href":"https:\/\/shop.kustom.ch\/it\/wp-json\/wp\/v2\/types\/product"}],"wp:featuredmedia":[{"embeddable":true,"href":"https:\/\/shop.kustom.ch\/it\/wp-json\/wp\/v2\/media\/725588"}],"wp:attachment":[{"href":"https:\/\/shop.kustom.ch\/it\/wp-json\/wp\/v2\/media?parent=725540"}],"wp:term":[{"taxonomy":"product_brand","embeddable":true,"href":"https:\/\/shop.kustom.ch\/it\/wp-json\/wp\/v2\/product_brand?post=725540"},{"taxonomy":"product_cat","embeddable":true,"href":"https:\/\/shop.kustom.ch\/it\/wp-json\/wp\/v2\/product_cat?post=725540"},{"taxonomy":"product_tag","embeddable":true,"href":"https:\/\/shop.kustom.ch\/it\/wp-json\/wp\/v2\/product_tag?post=725540"}],"curies":[{"name":"wp","href":"https:\/\/api.w.org\/{rel}","templated":true}]}}