{"id":725511,"date":"2026-04-01T18:57:59","date_gmt":"2026-04-01T17:57:59","guid":{"rendered":"https:\/\/shop.kustom.ch\/?post_type=product&#038;p=725511"},"modified":"2026-04-01T18:59:11","modified_gmt":"2026-04-01T17:59:11","slug":"lorenz-funktions-t-shirt","status":"publish","type":"product","link":"https:\/\/shop.kustom.ch\/it\/prodotto\/lorenz-funktions-t-shirt\/","title":{"rendered":"Maglietta funzionale Lorenz"},"content":{"rendered":"<p>Lorenz. Questa maglia funzionale \u00e8 il primo strato perfetto per le escursioni. Lorenz trasporta l'umidit\u00e0 dal corpo, si asciuga rapidamente ed \u00e8 inodore. Un must sotto le giacche funzionali e le maglie da trekking.<\/p>","protected":false},"excerpt":{"rendered":"<p>Lorenz. Questa maglia funzionale \u00e8 il primo strato perfetto per le escursioni. Lorenz trasporta l'umidit\u00e0 dal corpo, si asciuga rapidamente ed \u00e8 inodore. Un must sotto le giacche funzionali e le maglie da trekking.<\/p>","protected":false},"featured_media":725538,"template":"","meta":[],"product_brand":[],"product_cat":[4201],"product_tag":[],"class_list":{"0":"post-725511","1":"product","2":"type-product","3":"status-publish","4":"has-post-thumbnail","6":"product_cat-t-shirts","7":"pa_brand-rukka","8":"pa_brand-type-workwear","9":"pa_filter-color-blau","10":"pa_filter-color-gelb","11":"pa_filter-color-grau","12":"pa_filter-color-gruen","13":"pa_filter-color-rot","15":"first","16":"instock","17":"taxable","18":"shipping-taxable","19":"purchasable","20":"product-type-variable","21":"add-to-wishlist-before_image"},"exclude_global_add_ons":[],"addons":[],"acf":[],"_links":{"self":[{"href":"https:\/\/shop.kustom.ch\/it\/wp-json\/wp\/v2\/product\/725511"}],"collection":[{"href":"https:\/\/shop.kustom.ch\/it\/wp-json\/wp\/v2\/product"}],"about":[{"href":"https:\/\/shop.kustom.ch\/it\/wp-json\/wp\/v2\/types\/product"}],"wp:featuredmedia":[{"embeddable":true,"href":"https:\/\/shop.kustom.ch\/it\/wp-json\/wp\/v2\/media\/725538"}],"wp:attachment":[{"href":"https:\/\/shop.kustom.ch\/it\/wp-json\/wp\/v2\/media?parent=725511"}],"wp:term":[{"taxonomy":"product_brand","embeddable":true,"href":"https:\/\/shop.kustom.ch\/it\/wp-json\/wp\/v2\/product_brand?post=725511"},{"taxonomy":"product_cat","embeddable":true,"href":"https:\/\/shop.kustom.ch\/it\/wp-json\/wp\/v2\/product_cat?post=725511"},{"taxonomy":"product_tag","embeddable":true,"href":"https:\/\/shop.kustom.ch\/it\/wp-json\/wp\/v2\/product_tag?post=725511"}],"curies":[{"name":"wp","href":"https:\/\/api.w.org\/{rel}","templated":true}]}}