{"id":725328,"date":"2026-04-01T18:54:33","date_gmt":"2026-04-01T17:54:33","guid":{"rendered":"https:\/\/shop.kustom.ch\/?post_type=product&#038;p=725328"},"modified":"2026-04-01T18:55:34","modified_gmt":"2026-04-01T17:55:34","slug":"marvin-top-herren-langarmshirt","status":"publish","type":"product","link":"https:\/\/shop.kustom.ch\/it\/prodotto\/marvin-top-herren-langarmshirt\/","title":{"rendered":"Camicia da uomo a maniche lunghe Marvin Top"},"content":{"rendered":"<p>Camicia Marvin. La camicia, realizzata in lana merino 100 %, vi terr\u00e0 al caldo e al riparo. \u00c8 lo strato isolante ideale per tutte le attivit\u00e0 all'aperto nella stagione fredda.<\/p>","protected":false},"excerpt":{"rendered":"<p>Camicia Marvin. La camicia, realizzata in lana merino 100 %, vi terr\u00e0 al caldo e al riparo. \u00c8 lo strato isolante ideale per tutte le attivit\u00e0 all'aperto nella stagione fredda.<\/p>","protected":false},"featured_media":725372,"template":"","meta":[],"product_brand":[],"product_cat":[4206],"product_tag":[],"class_list":{"0":"post-725328","1":"product","2":"type-product","3":"status-publish","4":"has-post-thumbnail","6":"product_cat-underwear","7":"pa_brand-rukka","8":"pa_brand-type-workwear","9":"pa_filter-color-grau","11":"first","12":"instock","13":"taxable","14":"shipping-taxable","15":"purchasable","16":"product-type-variable","17":"add-to-wishlist-before_image"},"exclude_global_add_ons":[],"addons":[],"acf":[],"_links":{"self":[{"href":"https:\/\/shop.kustom.ch\/it\/wp-json\/wp\/v2\/product\/725328"}],"collection":[{"href":"https:\/\/shop.kustom.ch\/it\/wp-json\/wp\/v2\/product"}],"about":[{"href":"https:\/\/shop.kustom.ch\/it\/wp-json\/wp\/v2\/types\/product"}],"wp:featuredmedia":[{"embeddable":true,"href":"https:\/\/shop.kustom.ch\/it\/wp-json\/wp\/v2\/media\/725372"}],"wp:attachment":[{"href":"https:\/\/shop.kustom.ch\/it\/wp-json\/wp\/v2\/media?parent=725328"}],"wp:term":[{"taxonomy":"product_brand","embeddable":true,"href":"https:\/\/shop.kustom.ch\/it\/wp-json\/wp\/v2\/product_brand?post=725328"},{"taxonomy":"product_cat","embeddable":true,"href":"https:\/\/shop.kustom.ch\/it\/wp-json\/wp\/v2\/product_cat?post=725328"},{"taxonomy":"product_tag","embeddable":true,"href":"https:\/\/shop.kustom.ch\/it\/wp-json\/wp\/v2\/product_tag?post=725328"}],"curies":[{"name":"wp","href":"https:\/\/api.w.org\/{rel}","templated":true}]}}