{"id":724825,"date":"2026-04-01T18:46:31","date_gmt":"2026-04-01T17:46:31","guid":{"rendered":"https:\/\/shop.kustom.ch\/?post_type=product&#038;p=724825"},"modified":"2026-04-01T18:47:52","modified_gmt":"2026-04-01T17:47:52","slug":"shelter-herren-regenjacke","status":"publish","type":"product","link":"https:\/\/shop.kustom.ch\/it\/prodotto\/shelter-herren-regenjacke\/","title":{"rendered":"Giacca da pioggia da uomo Shelter"},"content":{"rendered":"<p>Rifugio. \u00c8 il compagno perfetto quando si ha bisogno di una giacca poco ingombrante e impacchettabile da portare con s\u00e9. Il materiale elasticizzato offre una buona libert\u00e0 di movimento ed \u00e8 ideale come protezione dalle intemperie sopra una giacca trapuntata o in pile. Il colore fluorescente offre la massima visibilit\u00e0 diurna ed \u00e8 perfetto per il traffico stradale. Peso totale taglia M = 220 g<\/p>","protected":false},"excerpt":{"rendered":"<p>Rifugio. \u00c8 il compagno perfetto quando si ha bisogno di una giacca poco ingombrante e impacchettabile da portare con s\u00e9. Il materiale elasticizzato offre una buona libert\u00e0 di movimento ed \u00e8 ideale come protezione dalle intemperie sopra una giacca trapuntata o in pile. Il colore fluorescente offre la massima visibilit\u00e0 diurna ed \u00e8 perfetto per il traffico stradale. Peso totale taglia M = 220 g<\/p>","protected":false},"featured_media":724870,"template":"","meta":[],"product_brand":[],"product_cat":[4186],"product_tag":[],"class_list":{"0":"post-724825","1":"product","2":"type-product","3":"status-publish","4":"has-post-thumbnail","6":"product_cat-jacken","7":"pa_brand-rukka","8":"pa_brand-type-workwear","9":"pa_filter-color-gelb","10":"pa_filter-color-grau","11":"pa_filter-color-gruen","12":"pa_filter-color-orange","13":"pa_filter-color-schwarz","15":"first","16":"instock","17":"taxable","18":"shipping-taxable","19":"purchasable","20":"product-type-variable","21":"add-to-wishlist-before_image"},"exclude_global_add_ons":[],"addons":[],"acf":[],"_links":{"self":[{"href":"https:\/\/shop.kustom.ch\/it\/wp-json\/wp\/v2\/product\/724825"}],"collection":[{"href":"https:\/\/shop.kustom.ch\/it\/wp-json\/wp\/v2\/product"}],"about":[{"href":"https:\/\/shop.kustom.ch\/it\/wp-json\/wp\/v2\/types\/product"}],"wp:featuredmedia":[{"embeddable":true,"href":"https:\/\/shop.kustom.ch\/it\/wp-json\/wp\/v2\/media\/724870"}],"wp:attachment":[{"href":"https:\/\/shop.kustom.ch\/it\/wp-json\/wp\/v2\/media?parent=724825"}],"wp:term":[{"taxonomy":"product_brand","embeddable":true,"href":"https:\/\/shop.kustom.ch\/it\/wp-json\/wp\/v2\/product_brand?post=724825"},{"taxonomy":"product_cat","embeddable":true,"href":"https:\/\/shop.kustom.ch\/it\/wp-json\/wp\/v2\/product_cat?post=724825"},{"taxonomy":"product_tag","embeddable":true,"href":"https:\/\/shop.kustom.ch\/it\/wp-json\/wp\/v2\/product_tag?post=724825"}],"curies":[{"name":"wp","href":"https:\/\/api.w.org\/{rel}","templated":true}]}}