{"id":723726,"date":"2026-04-01T17:36:55","date_gmt":"2026-04-01T16:36:55","guid":{"rendered":"https:\/\/shop.kustom.ch\/?post_type=product&#038;p=723726"},"modified":"2026-04-01T17:41:35","modified_gmt":"2026-04-01T16:41:35","slug":"ursin-muetze","status":"publish","type":"product","link":"https:\/\/shop.kustom.ch\/it\/prodotto\/ursin-muetze\/","title":{"rendered":"Ursin M\u00fctze"},"content":{"rendered":"<p>Ursin. Anche questo cappello in lana merino 100% \u00e8 prodotto in Svizzera. Non solo \u00e8 sostenibile, ma \u00e8 anche un accessorio di stile per le teste pi\u00f9 attente alle tendenze.<\/p>","protected":false},"excerpt":{"rendered":"<p>Ursin. Anche questo cappello in lana merino 100% \u00e8 prodotto in Svizzera. Non solo \u00e8 sostenibile, ma \u00e8 anche un accessorio di stile per le teste pi\u00f9 attente alle tendenze.<\/p>","protected":false},"featured_media":723804,"template":"","meta":[],"product_brand":[],"product_cat":[4177],"product_tag":[],"class_list":{"0":"post-723726","1":"product","2":"type-product","3":"status-publish","4":"has-post-thumbnail","6":"product_cat-caps-muetzen","7":"pa_brand-rukka","8":"pa_brand-type-workwear","9":"pa_filter-color-blau","10":"pa_filter-color-braun","11":"pa_filter-color-pink","12":"pa_filter-color-schwarz","13":"pa_filter-color-violet","15":"first","16":"instock","17":"taxable","18":"shipping-taxable","19":"purchasable","20":"product-type-variable","21":"add-to-wishlist-before_image"},"exclude_global_add_ons":[],"addons":[],"acf":[],"_links":{"self":[{"href":"https:\/\/shop.kustom.ch\/it\/wp-json\/wp\/v2\/product\/723726"}],"collection":[{"href":"https:\/\/shop.kustom.ch\/it\/wp-json\/wp\/v2\/product"}],"about":[{"href":"https:\/\/shop.kustom.ch\/it\/wp-json\/wp\/v2\/types\/product"}],"wp:featuredmedia":[{"embeddable":true,"href":"https:\/\/shop.kustom.ch\/it\/wp-json\/wp\/v2\/media\/723804"}],"wp:attachment":[{"href":"https:\/\/shop.kustom.ch\/it\/wp-json\/wp\/v2\/media?parent=723726"}],"wp:term":[{"taxonomy":"product_brand","embeddable":true,"href":"https:\/\/shop.kustom.ch\/it\/wp-json\/wp\/v2\/product_brand?post=723726"},{"taxonomy":"product_cat","embeddable":true,"href":"https:\/\/shop.kustom.ch\/it\/wp-json\/wp\/v2\/product_cat?post=723726"},{"taxonomy":"product_tag","embeddable":true,"href":"https:\/\/shop.kustom.ch\/it\/wp-json\/wp\/v2\/product_tag?post=723726"}],"curies":[{"name":"wp","href":"https:\/\/api.w.org\/{rel}","templated":true}]}}