{"id":723658,"date":"2026-04-01T17:33:04","date_gmt":"2026-04-01T16:33:04","guid":{"rendered":"https:\/\/shop.kustom.ch\/?post_type=product&#038;p=723658"},"modified":"2026-04-01T17:38:19","modified_gmt":"2026-04-01T16:38:19","slug":"bambus-socken-kurz","status":"publish","type":"product","link":"https:\/\/shop.kustom.ch\/it\/prodotto\/bambus-socken-kurz\/","title":{"rendered":"Calzini di bamb\u00f9 corti"},"content":{"rendered":"<p>Calzini di bamb\u00f9 corti. Finalmente i fantastici calzini in bamb\u00f9 dall'eccezionale comfort sono disponibili anche in versione corta, nei colori bianco e nero. In fibra di bamb\u00f9, elevato comfort di calzata, tallone e punta rinforzati, confezione da 3 pezzi, taglia S=35-38, M=39-42, L=43-46<\/p>","protected":false},"excerpt":{"rendered":"<p>Calzini di bamb\u00f9 corti. Finalmente i fantastici calzini in bamb\u00f9 dall'eccezionale comfort sono disponibili anche in versione corta, nei colori bianco e nero. In fibra di bamb\u00f9, elevato comfort di calzata, tallone e punta rinforzati, confezione da 3 pezzi, taglia S=35-38, M=39-42, L=43-46<\/p>","protected":false},"featured_media":723743,"template":"","meta":[],"product_brand":[],"product_cat":[4199],"product_tag":[],"class_list":{"0":"post-723658","1":"product","2":"type-product","3":"status-publish","4":"has-post-thumbnail","6":"product_cat-socken","7":"pa_brand-rukka","8":"pa_brand-type-workwear","9":"pa_filter-color-schwarz","10":"pa_filter-color-weiss","12":"first","13":"instock","14":"taxable","15":"shipping-taxable","16":"purchasable","17":"product-type-variable","18":"add-to-wishlist-before_image"},"exclude_global_add_ons":[],"addons":[],"acf":[],"_links":{"self":[{"href":"https:\/\/shop.kustom.ch\/it\/wp-json\/wp\/v2\/product\/723658"}],"collection":[{"href":"https:\/\/shop.kustom.ch\/it\/wp-json\/wp\/v2\/product"}],"about":[{"href":"https:\/\/shop.kustom.ch\/it\/wp-json\/wp\/v2\/types\/product"}],"wp:featuredmedia":[{"embeddable":true,"href":"https:\/\/shop.kustom.ch\/it\/wp-json\/wp\/v2\/media\/723743"}],"wp:attachment":[{"href":"https:\/\/shop.kustom.ch\/it\/wp-json\/wp\/v2\/media?parent=723658"}],"wp:term":[{"taxonomy":"product_brand","embeddable":true,"href":"https:\/\/shop.kustom.ch\/it\/wp-json\/wp\/v2\/product_brand?post=723658"},{"taxonomy":"product_cat","embeddable":true,"href":"https:\/\/shop.kustom.ch\/it\/wp-json\/wp\/v2\/product_cat?post=723658"},{"taxonomy":"product_tag","embeddable":true,"href":"https:\/\/shop.kustom.ch\/it\/wp-json\/wp\/v2\/product_tag?post=723658"}],"curies":[{"name":"wp","href":"https:\/\/api.w.org\/{rel}","templated":true}]}}