{"id":723640,"date":"2026-04-01T17:32:15","date_gmt":"2026-04-01T16:32:15","guid":{"rendered":"https:\/\/shop.kustom.ch\/?post_type=product&#038;p=723640"},"modified":"2026-04-01T17:37:21","modified_gmt":"2026-04-01T16:37:21","slug":"liva-2-0-tasche","status":"publish","type":"product","link":"https:\/\/shop.kustom.ch\/it\/prodotto\/liva-2-0-tasche\/","title":{"rendered":"Borsa Liva 2.0"},"content":{"rendered":"<p>LIVA 2.0. ora impermeabile 100 %! La LIVA 2.0 offre la massima flessibilit\u00e0: pu\u00f2 essere portata comodamente come uno zaino quando si hanno le mani occupate. Grazie al materiale robusto, \u00e8 pronta per l'uso sia in spiaggia che in un campo sportivo piovoso. Il suo contenuto \u00e8 protetto in modo affidabile da acqua, sabbia e polvere.<\/p>\n<p>Dimensioni: 40 litri di volume (28 \u00d7 28 \u00d7 58 cm)<\/p>","protected":false},"excerpt":{"rendered":"<p>LIVA 2.0. Jetzt neu 100&nbsp;% wasserdicht! Die LIVA 2.0 bietet maximale Flexibilit&auml;t &#x2013; bei vollen H&auml;nden l&auml;sst sie sich bequem als Rucksack tragen. Dank des robusten&nbsp;Materials ist sie am Strand ebenso einsatzbereit wie auf dem verregneten Sportplatz. Ihr Inhalt bleibt zuverl&auml;ssig vor Wasser, Sand und Staub gesch&#xFC;tzt. Masse: 40 Liter Volumen (28 &#xD7; 28 &#xD7; [&hellip;]<\/p>\n","protected":false},"featured_media":723724,"template":"","meta":[],"product_brand":[],"product_cat":[4195],"product_tag":[],"class_list":{"0":"post-723640","1":"product","2":"type-product","3":"status-publish","4":"has-post-thumbnail","6":"product_cat-rucksaecke-taschen","7":"pa_brand-rukka","8":"pa_brand-type-workwear","9":"pa_filter-color-beige","10":"pa_filter-color-blau","11":"pa_filter-color-gelb","12":"pa_filter-color-schwarz","14":"first","15":"instock","16":"taxable","17":"shipping-taxable","18":"purchasable","19":"product-type-variable","20":"add-to-wishlist-before_image"},"exclude_global_add_ons":[],"addons":[],"acf":[],"_links":{"self":[{"href":"https:\/\/shop.kustom.ch\/it\/wp-json\/wp\/v2\/product\/723640"}],"collection":[{"href":"https:\/\/shop.kustom.ch\/it\/wp-json\/wp\/v2\/product"}],"about":[{"href":"https:\/\/shop.kustom.ch\/it\/wp-json\/wp\/v2\/types\/product"}],"wp:featuredmedia":[{"embeddable":true,"href":"https:\/\/shop.kustom.ch\/it\/wp-json\/wp\/v2\/media\/723724"}],"wp:attachment":[{"href":"https:\/\/shop.kustom.ch\/it\/wp-json\/wp\/v2\/media?parent=723640"}],"wp:term":[{"taxonomy":"product_brand","embeddable":true,"href":"https:\/\/shop.kustom.ch\/it\/wp-json\/wp\/v2\/product_brand?post=723640"},{"taxonomy":"product_cat","embeddable":true,"href":"https:\/\/shop.kustom.ch\/it\/wp-json\/wp\/v2\/product_cat?post=723640"},{"taxonomy":"product_tag","embeddable":true,"href":"https:\/\/shop.kustom.ch\/it\/wp-json\/wp\/v2\/product_tag?post=723640"}],"curies":[{"name":"wp","href":"https:\/\/api.w.org\/{rel}","templated":true}]}}