{"id":723631,"date":"2026-04-01T17:31:46","date_gmt":"2026-04-01T16:31:46","guid":{"rendered":"https:\/\/shop.kustom.ch\/?post_type=product&#038;p=723631"},"modified":"2026-04-01T17:36:44","modified_gmt":"2026-04-01T16:36:44","slug":"heisskalt-trinkflasche-750-ml","status":"publish","type":"product","link":"https:\/\/shop.kustom.ch\/it\/prodotto\/heisskalt-trinkflasche-750-ml\/","title":{"rendered":"Bottiglia HotCold 750 ml"},"content":{"rendered":"<p>Caldo-Freddo. Le nostre bottiglie mantengono le bevande calde fino a 12 ore o fredde fino a 24 ore. Grazie alla chiusura rinforzata, le bevande gassate possono essere trasportate. Cosa c'\u00e8 di pi\u00f9 bello che gustare una bevanda rinfrescante o un t\u00e8 caldo all'aria aperta?<\/p>","protected":false},"excerpt":{"rendered":"<p>Caldo-Freddo. Le nostre bottiglie mantengono le bevande calde fino a 12 ore o fredde fino a 24 ore. Grazie alla chiusura rinforzata, le bevande gassate possono essere trasportate. Cosa c'\u00e8 di pi\u00f9 bello che gustare una bevanda rinfrescante o un t\u00e8 caldo all'aria aperta?<\/p>","protected":false},"featured_media":723713,"template":"","meta":[],"product_brand":[],"product_cat":[4207],"product_tag":[],"class_list":{"0":"post-723631","1":"product","2":"type-product","3":"status-publish","4":"has-post-thumbnail","6":"product_cat-wasserflaschen","7":"pa_brand-rukka","8":"pa_brand-type-workwear","9":"pa_filter-color-blau","10":"pa_filter-color-gruen","11":"pa_filter-color-orange","12":"pa_filter-color-weiss","14":"first","15":"instock","16":"taxable","17":"shipping-taxable","18":"purchasable","19":"product-type-variable","20":"add-to-wishlist-before_image"},"exclude_global_add_ons":[],"addons":[],"acf":[],"_links":{"self":[{"href":"https:\/\/shop.kustom.ch\/it\/wp-json\/wp\/v2\/product\/723631"}],"collection":[{"href":"https:\/\/shop.kustom.ch\/it\/wp-json\/wp\/v2\/product"}],"about":[{"href":"https:\/\/shop.kustom.ch\/it\/wp-json\/wp\/v2\/types\/product"}],"wp:featuredmedia":[{"embeddable":true,"href":"https:\/\/shop.kustom.ch\/it\/wp-json\/wp\/v2\/media\/723713"}],"wp:attachment":[{"href":"https:\/\/shop.kustom.ch\/it\/wp-json\/wp\/v2\/media?parent=723631"}],"wp:term":[{"taxonomy":"product_brand","embeddable":true,"href":"https:\/\/shop.kustom.ch\/it\/wp-json\/wp\/v2\/product_brand?post=723631"},{"taxonomy":"product_cat","embeddable":true,"href":"https:\/\/shop.kustom.ch\/it\/wp-json\/wp\/v2\/product_cat?post=723631"},{"taxonomy":"product_tag","embeddable":true,"href":"https:\/\/shop.kustom.ch\/it\/wp-json\/wp\/v2\/product_tag?post=723631"}],"curies":[{"name":"wp","href":"https:\/\/api.w.org\/{rel}","templated":true}]}}