{"id":723613,"date":"2026-04-01T17:30:43","date_gmt":"2026-04-01T16:30:43","guid":{"rendered":"https:\/\/shop.kustom.ch\/?post_type=product&#038;p=723613"},"modified":"2026-04-01T17:34:47","modified_gmt":"2026-04-01T16:34:47","slug":"sola-stirnband","status":"publish","type":"product","link":"https:\/\/shop.kustom.ch\/it\/prodotto\/sola-stirnband\/","title":{"rendered":"Fascia Sola"},"content":{"rendered":"<p>Sola. La bellissima fascia \u00e8 realizzata in Svizzera ed \u00e8 la compagna ideale per qualsiasi attivit\u00e0 all'aperto.<\/p>","protected":false},"excerpt":{"rendered":"<p>Sola. La bellissima fascia \u00e8 realizzata in Svizzera ed \u00e8 la compagna ideale per qualsiasi attivit\u00e0 all'aperto.<\/p>","protected":false},"featured_media":723678,"template":"","meta":[],"product_brand":[],"product_cat":[4177],"product_tag":[],"class_list":{"0":"post-723613","1":"product","2":"type-product","3":"status-publish","4":"has-post-thumbnail","6":"product_cat-caps-muetzen","7":"pa_brand-rukka","8":"pa_brand-type-workwear","9":"pa_filter-color-beige","10":"pa_filter-color-blau","11":"pa_filter-color-gelb","12":"pa_filter-color-grau","13":"pa_filter-color-gruen","14":"pa_filter-color-pink","15":"pa_filter-color-schwarz","17":"first","18":"instock","19":"taxable","20":"shipping-taxable","21":"purchasable","22":"product-type-variable","23":"add-to-wishlist-before_image"},"exclude_global_add_ons":[],"addons":[],"acf":[],"_links":{"self":[{"href":"https:\/\/shop.kustom.ch\/it\/wp-json\/wp\/v2\/product\/723613"}],"collection":[{"href":"https:\/\/shop.kustom.ch\/it\/wp-json\/wp\/v2\/product"}],"about":[{"href":"https:\/\/shop.kustom.ch\/it\/wp-json\/wp\/v2\/types\/product"}],"wp:featuredmedia":[{"embeddable":true,"href":"https:\/\/shop.kustom.ch\/it\/wp-json\/wp\/v2\/media\/723678"}],"wp:attachment":[{"href":"https:\/\/shop.kustom.ch\/it\/wp-json\/wp\/v2\/media?parent=723613"}],"wp:term":[{"taxonomy":"product_brand","embeddable":true,"href":"https:\/\/shop.kustom.ch\/it\/wp-json\/wp\/v2\/product_brand?post=723613"},{"taxonomy":"product_cat","embeddable":true,"href":"https:\/\/shop.kustom.ch\/it\/wp-json\/wp\/v2\/product_cat?post=723613"},{"taxonomy":"product_tag","embeddable":true,"href":"https:\/\/shop.kustom.ch\/it\/wp-json\/wp\/v2\/product_tag?post=723613"}],"curies":[{"name":"wp","href":"https:\/\/api.w.org\/{rel}","templated":true}]}}