{"id":721010,"date":"2026-03-24T21:16:40","date_gmt":"2026-03-24T20:16:40","guid":{"rendered":"https:\/\/shop.kustom.ch\/?post_type=product&#038;p=721010"},"modified":"2026-03-24T21:20:25","modified_gmt":"2026-03-24T20:20:25","slug":"addvis-performance-cap","status":"publish","type":"product","link":"https:\/\/shop.kustom.ch\/it\/prodotto\/addvis-performance-cap\/","title":{"rendered":"TAPPO ADDVIS PERFORMANCE"},"content":{"rendered":"<p>L'ADDVIS Performance Cap \u00e8 un berretto ad alta visibilit\u00e0 con tutte le caratteristiche del Tech Performance Cap, con in pi\u00f9 la sicurezza dei materiali ad alta visibilit\u00e0. Il cinturino regolabile in velcro e i fori di ventilazione tagliati al laser sul retro garantiscono il comfort. Proteggete gli occhi e il viso con la visiera antiurto che ripara gli occhi dalle intemperie. Il berretto ad alta visibilit\u00e0 \u00e8 realizzato in poliestere riciclato 100 % e presenta anche dettagli riflettenti sul retro per aiutarvi a essere visti da tutti i lati. Il berretto ADDVIS Performance assicura che possiate vedere ed essere visti al lavoro.<\/p>\n<p>Materiale: materiale principale: 100 poliestere riciclato %<\/p>","protected":false},"excerpt":{"rendered":"<p>- Tesa che assorbe gli urti<br \/>- Fori di ventilazione tagliati al laser sul retro<br \/>- Dettagli di design riflettenti<br \/>- Chiusura in velcro sul retro per una vestibilit\u00e0 personalizzata<\/p>","protected":false},"featured_media":721093,"template":"","meta":[],"product_brand":[],"product_cat":[4177],"product_tag":[],"class_list":{"0":"post-721010","1":"product","2":"type-product","3":"status-publish","4":"has-post-thumbnail","6":"product_cat-caps-muetzen","7":"pa_brand-helly-hansen","8":"pa_brand-type-workwear","9":"pa_filter-color-orange","11":"first","12":"instock","13":"sale","14":"taxable","15":"shipping-taxable","16":"purchasable","17":"product-type-variable","18":"add-to-wishlist-before_image"},"exclude_global_add_ons":[],"addons":[],"acf":[],"_links":{"self":[{"href":"https:\/\/shop.kustom.ch\/it\/wp-json\/wp\/v2\/product\/721010"}],"collection":[{"href":"https:\/\/shop.kustom.ch\/it\/wp-json\/wp\/v2\/product"}],"about":[{"href":"https:\/\/shop.kustom.ch\/it\/wp-json\/wp\/v2\/types\/product"}],"wp:featuredmedia":[{"embeddable":true,"href":"https:\/\/shop.kustom.ch\/it\/wp-json\/wp\/v2\/media\/721093"}],"wp:attachment":[{"href":"https:\/\/shop.kustom.ch\/it\/wp-json\/wp\/v2\/media?parent=721010"}],"wp:term":[{"taxonomy":"product_brand","embeddable":true,"href":"https:\/\/shop.kustom.ch\/it\/wp-json\/wp\/v2\/product_brand?post=721010"},{"taxonomy":"product_cat","embeddable":true,"href":"https:\/\/shop.kustom.ch\/it\/wp-json\/wp\/v2\/product_cat?post=721010"},{"taxonomy":"product_tag","embeddable":true,"href":"https:\/\/shop.kustom.ch\/it\/wp-json\/wp\/v2\/product_tag?post=721010"}],"curies":[{"name":"wp","href":"https:\/\/api.w.org\/{rel}","templated":true}]}}