{"id":720954,"date":"2026-03-24T21:14:04","date_gmt":"2026-03-24T20:14:04","guid":{"rendered":"https:\/\/shop.kustom.ch\/?post_type=product&#038;p=720954"},"modified":"2026-03-24T21:18:23","modified_gmt":"2026-03-24T20:18:23","slug":"hh-lifa-merino-beanie","status":"publish","type":"product","link":"https:\/\/shop.kustom.ch\/it\/prodotto\/hh-lifa-merino-beanie\/","title":{"rendered":"BERRETTO HH LIFA MERINO"},"content":{"rendered":"<p>Il berretto Lifa\u00ae Merino \u00e8 stato sviluppato con l'obiettivo di garantire un comfort ottimale. L'innovativa combinazione di Lifa\u00ae, che assorbe l'umidit\u00e0, e di morbida lana merino vi mantiene asciutti e caldi. Le cuciture flatlock assicurano una vestibilit\u00e0 sottile che si adatta anche agli indumenti protettivi. Con logo tono su tono. Il berretto in merino a doppio strato \u00e8 lavabile in lavatrice.<\/p>\n<p>Vestibilit\u00e0: regolare \/ normale<\/p>\n<p>Materiale: materiale principale: 57 % merino, 43 % polipropilene - 215 g\/m\u00b2<\/p>","protected":false},"excerpt":{"rendered":"<p>- LIFA\u00ae MERINO<br \/>- Tecnologia Lifa Stay Warm<br \/>- Tessuto a doppio strato<br \/>- Cuciture flatlock per un maggiore comfort<br \/>- ZQ-Lana<\/p>","protected":false},"featured_media":721047,"template":"","meta":[],"product_brand":[],"product_cat":[4177],"product_tag":[],"class_list":{"0":"post-720954","1":"product","2":"type-product","3":"status-publish","4":"has-post-thumbnail","6":"product_cat-caps-muetzen","7":"pa_brand-helly-hansen","8":"pa_brand-type-workwear","9":"pa_filter-color-blau","10":"pa_filter-color-grau","11":"pa_filter-color-schwarz","13":"first","14":"instock","15":"sale","16":"taxable","17":"shipping-taxable","18":"purchasable","19":"product-type-variable","20":"add-to-wishlist-before_image"},"exclude_global_add_ons":[],"addons":[],"acf":[],"_links":{"self":[{"href":"https:\/\/shop.kustom.ch\/it\/wp-json\/wp\/v2\/product\/720954"}],"collection":[{"href":"https:\/\/shop.kustom.ch\/it\/wp-json\/wp\/v2\/product"}],"about":[{"href":"https:\/\/shop.kustom.ch\/it\/wp-json\/wp\/v2\/types\/product"}],"wp:featuredmedia":[{"embeddable":true,"href":"https:\/\/shop.kustom.ch\/it\/wp-json\/wp\/v2\/media\/721047"}],"wp:attachment":[{"href":"https:\/\/shop.kustom.ch\/it\/wp-json\/wp\/v2\/media?parent=720954"}],"wp:term":[{"taxonomy":"product_brand","embeddable":true,"href":"https:\/\/shop.kustom.ch\/it\/wp-json\/wp\/v2\/product_brand?post=720954"},{"taxonomy":"product_cat","embeddable":true,"href":"https:\/\/shop.kustom.ch\/it\/wp-json\/wp\/v2\/product_cat?post=720954"},{"taxonomy":"product_tag","embeddable":true,"href":"https:\/\/shop.kustom.ch\/it\/wp-json\/wp\/v2\/product_tag?post=720954"}],"curies":[{"name":"wp","href":"https:\/\/api.w.org\/{rel}","templated":true}]}}