{"id":720874,"date":"2026-03-24T21:10:45","date_gmt":"2026-03-24T20:10:45","guid":{"rendered":"https:\/\/shop.kustom.ch\/?post_type=product&#038;p=720874"},"modified":"2026-03-24T21:33:35","modified_gmt":"2026-03-24T20:33:35","slug":"work-day-backpack","status":"publish","type":"product","link":"https:\/\/shop.kustom.ch\/it\/prodotto\/work-day-backpack\/","title":{"rendered":"ZAINO DA LAVORO"},"content":{"rendered":"<p>Questo zaino \u00e8 pieno di soluzioni intelligenti ed \u00e8 stato progettato per il lavoro! Mettete in valigia il vostro tablet o computer, la vostra tazza di caff\u00e8, i vostri attrezzi o qualsiasi altra cosa vogliate portare con voi.<\/p>\n<p>Vestibilit\u00e0: regolare \/ normale<\/p>\n<p>Materiale: Materiale principale: 98 % poliestere, 2 % PVC<\/p>","protected":false},"excerpt":{"rendered":"<p>- Consentito come bagaglio a mano sulla maggior parte delle compagnie aeree<br \/>\n- Speciale scomparto imbottito per laptop<br \/>\n- Chiusura lampo YKK<br \/>\n- Punto di attacco con anello a D<br \/>\n- Tasche laterali aperte<br \/>\n- Anello portautensili<br \/>\n- Borsa per il kit di pronto soccorso<br \/>\n- Maniglia di trasporto superiore<br \/>\n- Una tasca frontale per una facile organizzazione<br \/>\n- Cinture per fianchi impacchettabili<\/p>","protected":false},"featured_media":720984,"template":"","meta":[],"product_brand":[],"product_cat":[4195,4209],"product_tag":[],"class_list":{"0":"post-720874","1":"product","2":"type-product","3":"status-publish","4":"has-post-thumbnail","6":"product_cat-rucksaecke-taschen","7":"product_cat-zubehoer","8":"pa_brand-helly-hansen","9":"pa_brand-type-workwear","10":"pa_filter-color-schwarz","12":"first","13":"instock","14":"sale","15":"taxable","16":"shipping-taxable","17":"purchasable","18":"product-type-variable","19":"add-to-wishlist-before_image"},"exclude_global_add_ons":[],"addons":[],"acf":[],"_links":{"self":[{"href":"https:\/\/shop.kustom.ch\/it\/wp-json\/wp\/v2\/product\/720874"}],"collection":[{"href":"https:\/\/shop.kustom.ch\/it\/wp-json\/wp\/v2\/product"}],"about":[{"href":"https:\/\/shop.kustom.ch\/it\/wp-json\/wp\/v2\/types\/product"}],"wp:featuredmedia":[{"embeddable":true,"href":"https:\/\/shop.kustom.ch\/it\/wp-json\/wp\/v2\/media\/720984"}],"wp:attachment":[{"href":"https:\/\/shop.kustom.ch\/it\/wp-json\/wp\/v2\/media?parent=720874"}],"wp:term":[{"taxonomy":"product_brand","embeddable":true,"href":"https:\/\/shop.kustom.ch\/it\/wp-json\/wp\/v2\/product_brand?post=720874"},{"taxonomy":"product_cat","embeddable":true,"href":"https:\/\/shop.kustom.ch\/it\/wp-json\/wp\/v2\/product_cat?post=720874"},{"taxonomy":"product_tag","embeddable":true,"href":"https:\/\/shop.kustom.ch\/it\/wp-json\/wp\/v2\/product_tag?post=720874"}],"curies":[{"name":"wp","href":"https:\/\/api.w.org\/{rel}","templated":true}]}}