{"id":720855,"date":"2026-03-24T21:09:48","date_gmt":"2026-03-24T20:09:48","guid":{"rendered":"https:\/\/shop.kustom.ch\/?post_type=product&#038;p=720855"},"modified":"2026-03-24T21:33:44","modified_gmt":"2026-03-24T20:33:44","slug":"hh-duffel-bag-120l","status":"publish","type":"product","link":"https:\/\/shop.kustom.ch\/it\/prodotto\/hh-duffel-bag-120l\/","title":{"rendered":"BORSONE HH 120L"},"content":{"rendered":"<p>I borsoni pi\u00f9 venduti sono ora ancora pi\u00f9 belli! Peso ridotto, facilit\u00e0 di stivaggio, scomparto separato per le scarpe, scomparto imbottito per tablet e spazio per un kit di pronto soccorso sono solo alcuni dei nuovi dettagli.<\/p>\n<p>Vestibilit\u00e0: regolare \/ normale<\/p>\n<p>Materiale: Materiale principale: 100 % polivinile - 550 g\/m\u00b2<\/p>","protected":false},"excerpt":{"rendered":"<p>- Chiusura lampo YKK<br \/>\n- Materiale principale idrorepellente<br \/>\n- Spallacci imbottiti e regolabili<br \/>\n- Maniglia di trasporto<br \/>\n- Tasca per carte d'identit\u00e0<br \/>\n- Borsa per il kit di pronto soccorso<br \/>\n- Scomparti imbottiti per tablet all'interno<br \/>\n- Scomparto per le scarpe all'esterno<\/p>","protected":false},"featured_media":720964,"template":"","meta":[],"product_brand":[],"product_cat":[4195,4209],"product_tag":[],"class_list":{"0":"post-720855","1":"product","2":"type-product","3":"status-publish","4":"has-post-thumbnail","6":"product_cat-rucksaecke-taschen","7":"product_cat-zubehoer","8":"pa_brand-helly-hansen","9":"pa_brand-type-workwear","10":"pa_filter-color-schwarz","12":"first","13":"instock","14":"sale","15":"taxable","16":"shipping-taxable","17":"purchasable","18":"product-type-variable","19":"add-to-wishlist-before_image"},"exclude_global_add_ons":[],"addons":[],"acf":[],"_links":{"self":[{"href":"https:\/\/shop.kustom.ch\/it\/wp-json\/wp\/v2\/product\/720855"}],"collection":[{"href":"https:\/\/shop.kustom.ch\/it\/wp-json\/wp\/v2\/product"}],"about":[{"href":"https:\/\/shop.kustom.ch\/it\/wp-json\/wp\/v2\/types\/product"}],"wp:featuredmedia":[{"embeddable":true,"href":"https:\/\/shop.kustom.ch\/it\/wp-json\/wp\/v2\/media\/720964"}],"wp:attachment":[{"href":"https:\/\/shop.kustom.ch\/it\/wp-json\/wp\/v2\/media?parent=720855"}],"wp:term":[{"taxonomy":"product_brand","embeddable":true,"href":"https:\/\/shop.kustom.ch\/it\/wp-json\/wp\/v2\/product_brand?post=720855"},{"taxonomy":"product_cat","embeddable":true,"href":"https:\/\/shop.kustom.ch\/it\/wp-json\/wp\/v2\/product_cat?post=720855"},{"taxonomy":"product_tag","embeddable":true,"href":"https:\/\/shop.kustom.ch\/it\/wp-json\/wp\/v2\/product_tag?post=720855"}],"curies":[{"name":"wp","href":"https:\/\/api.w.org\/{rel}","templated":true}]}}