{"id":720798,"date":"2026-03-24T21:07:13","date_gmt":"2026-03-24T20:07:13","guid":{"rendered":"https:\/\/shop.kustom.ch\/?post_type=product&#038;p=720798"},"modified":"2026-03-25T08:56:32","modified_gmt":"2026-03-25T07:56:32","slug":"reinforcement-patch","status":"publish","type":"product","link":"https:\/\/shop.kustom.ch\/it\/prodotto\/reinforcement-patch\/","title":{"rendered":"TOPPA DI RINFORZO"},"content":{"rendered":"<p>Materiale: Materiale esterno: 67,4 % poliammide, 26,6 % aramide, 6 % elastan<br \/>Interno: 100 poliuretano %<\/p>","protected":false},"excerpt":{"rendered":"<p>- Materiale di rinforzo<br \/>- Per l'applicazione mediante pressatura a caldo<br \/>- Pu\u00f2 essere utilizzato per una variet\u00e0 di prodotti per rinforzare o riparare aree soggette a forte usura<br \/>- Questo stile \u00e8 disponibile solo in scatole da 12 unit\u00e0. Ogni unit\u00e0 contiene 2 toppe. Questo stile pu\u00f2 essere ordinato solo in multipli di 12 unit\u00e0.<\/p>","protected":false},"featured_media":720903,"template":"","meta":[],"product_brand":[],"product_cat":[4209],"product_tag":[],"class_list":{"0":"post-720798","1":"product","2":"type-product","3":"status-publish","4":"has-post-thumbnail","6":"product_cat-zubehoer","7":"pa_brand-helly-hansen","8":"pa_brand-type-workwear","9":"pa_filter-color-schwarz","11":"first","12":"instock","13":"sale","14":"taxable","15":"shipping-taxable","16":"purchasable","17":"product-type-variable","18":"add-to-wishlist-before_image"},"exclude_global_add_ons":[],"addons":[],"acf":[],"_links":{"self":[{"href":"https:\/\/shop.kustom.ch\/it\/wp-json\/wp\/v2\/product\/720798"}],"collection":[{"href":"https:\/\/shop.kustom.ch\/it\/wp-json\/wp\/v2\/product"}],"about":[{"href":"https:\/\/shop.kustom.ch\/it\/wp-json\/wp\/v2\/types\/product"}],"wp:featuredmedia":[{"embeddable":true,"href":"https:\/\/shop.kustom.ch\/it\/wp-json\/wp\/v2\/media\/720903"}],"wp:attachment":[{"href":"https:\/\/shop.kustom.ch\/it\/wp-json\/wp\/v2\/media?parent=720798"}],"wp:term":[{"taxonomy":"product_brand","embeddable":true,"href":"https:\/\/shop.kustom.ch\/it\/wp-json\/wp\/v2\/product_brand?post=720798"},{"taxonomy":"product_cat","embeddable":true,"href":"https:\/\/shop.kustom.ch\/it\/wp-json\/wp\/v2\/product_cat?post=720798"},{"taxonomy":"product_tag","embeddable":true,"href":"https:\/\/shop.kustom.ch\/it\/wp-json\/wp\/v2\/product_tag?post=720798"}],"curies":[{"name":"wp","href":"https:\/\/api.w.org\/{rel}","templated":true}]}}