{"id":720778,"date":"2026-03-24T21:06:45","date_gmt":"2026-03-24T20:06:45","guid":{"rendered":"https:\/\/shop.kustom.ch\/?post_type=product&#038;p=720778"},"modified":"2026-03-25T08:33:57","modified_gmt":"2026-03-25T07:33:57","slug":"cnct-hi-vis-carpenter-pocket","status":"publish","type":"product","link":"https:\/\/shop.kustom.ch\/it\/prodotto\/cnct-hi-vis-carpenter-pocket\/","title":{"rendered":"TASCA DA CARPENTIERE HI VIS CNCT"},"content":{"rendered":"<p>Il sistema HH Connect\u2122 comprende soluzioni di tasche centrali e universali. Se avete bisogno di qualcosa di pi\u00f9 specialistico, la tasca Hi Vis Carpenter Pocket fa al caso vostro. Sviluppata in collaborazione con i falegnami professionisti, \u00e8 dotata di numerose opzioni di stoccaggio e di scomparti per gli attrezzi, appositamente studiati per le vostre esigenze. Questo prodotto bluesign\u00ae \u00e8 inoltre dotato di un occhiello portautensili che offre ulteriore spazio di archiviazione. La qualit\u00e0 premium \u00e8 standard con la nostra Carpenter Pocket: \u00e8 realizzata con tessuto rinforzato, cerniere di alta qualit\u00e0 e filati di qualit\u00e0 e ha un fondo a doppia fodera per una maggiore durata. Realizzata in materiale ad alta visibilit\u00e0, questa borsa vi permetter\u00e0 di distinguervi e di affrontare la giornata in tutta sicurezza.<\/p>\n<p>Materiale: materiale principale: 100 poliestere % - 305 g\/m\u00b2<br \/>\nTessuto a contrasto: 100 poliammide % - 310 g\/m\u00b2<br \/>\nMateriale di rinforzo: 100 poliammide % - 210 g\/m\u00b2<\/p>","protected":false},"excerpt":{"rendered":"<p>- Chiusura lampo YKK<br \/>- Filati AMANN - Qualit\u00e0 tedesca<br \/>- Compatibile con HH Connect<br \/>- Materiale rinforzato e base bifoderata<br \/>- Molteplici opzioni di stoccaggio e scomparti per gli attrezzi<br \/>- Anello portautensili<br \/>- prodotto bluesign\u00ae<\/p>","protected":false},"featured_media":720860,"template":"","meta":[],"product_brand":[],"product_cat":[4209],"product_tag":[],"class_list":{"0":"post-720778","1":"product","2":"type-product","3":"status-publish","4":"has-post-thumbnail","6":"product_cat-zubehoer","7":"pa_brand-helly-hansen","8":"pa_brand-type-workwear","9":"pa_filter-color-gelb","10":"pa_filter-color-orange","12":"first","13":"instock","14":"sale","15":"taxable","16":"shipping-taxable","17":"purchasable","18":"product-type-variable","19":"add-to-wishlist-before_image"},"exclude_global_add_ons":[],"addons":[],"acf":[],"_links":{"self":[{"href":"https:\/\/shop.kustom.ch\/it\/wp-json\/wp\/v2\/product\/720778"}],"collection":[{"href":"https:\/\/shop.kustom.ch\/it\/wp-json\/wp\/v2\/product"}],"about":[{"href":"https:\/\/shop.kustom.ch\/it\/wp-json\/wp\/v2\/types\/product"}],"wp:featuredmedia":[{"embeddable":true,"href":"https:\/\/shop.kustom.ch\/it\/wp-json\/wp\/v2\/media\/720860"}],"wp:attachment":[{"href":"https:\/\/shop.kustom.ch\/it\/wp-json\/wp\/v2\/media?parent=720778"}],"wp:term":[{"taxonomy":"product_brand","embeddable":true,"href":"https:\/\/shop.kustom.ch\/it\/wp-json\/wp\/v2\/product_brand?post=720778"},{"taxonomy":"product_cat","embeddable":true,"href":"https:\/\/shop.kustom.ch\/it\/wp-json\/wp\/v2\/product_cat?post=720778"},{"taxonomy":"product_tag","embeddable":true,"href":"https:\/\/shop.kustom.ch\/it\/wp-json\/wp\/v2\/product_tag?post=720778"}],"curies":[{"name":"wp","href":"https:\/\/api.w.org\/{rel}","templated":true}]}}