{"id":720699,"date":"2026-03-24T21:05:07","date_gmt":"2026-03-24T20:05:07","guid":{"rendered":"https:\/\/shop.kustom.ch\/?post_type=product&#038;p=720699"},"modified":"2026-03-24T21:07:10","modified_gmt":"2026-03-24T20:07:10","slug":"classic-2-0-hoodie","status":"publish","type":"product","link":"https:\/\/shop.kustom.ch\/it\/prodotto\/classic-2-0-hoodie\/","title":{"rendered":"FELPA CON CAPPUCCIO CLASSIC 2.0"},"content":{"rendered":"<p>Comodamente vestiti - con una felpa con cappuccio che unisce uno stile senza tempo alla praticit\u00e0 di tutti i giorni. Realizzata in morbido cotone biologico composto da almeno 50 fibre % Organic Content Standard, \u00e8 bella al tatto quanto all'aspetto. Il cappuccio regolabile con coulisse assicura una vestibilit\u00e0 perfetta, mentre i polsini e l'orlo a coste mantengono la forma. Una spaziosa tasca frontale offre ulteriore comfort, mentre il filato AMANN di qualit\u00e0 tedesca garantisce una lunga durata. Questa versatile felpa con cappuccio \u00e8 la compagna ideale per il lavoro e il tempo libero.<\/p>\n<p>Vestibilit\u00e0: regolare \/ normale<\/p>\n<p>Materiale: Materiale principale: 56 cotone % (organico), 44 poliestere % (riciclato) - 280 g\/m\u00b2.<\/p>","protected":false},"excerpt":{"rendered":"<p>- Filo per cucire AMANN - Qualit\u00e0 tedesca<br \/>- Cappuccio regolabile con coulisse<br \/>- Tasche a fessura<br \/>- Polsini a coste sulla parte inferiore delle maniche e sull'orlo<br \/>- Cotone biologico<br \/>- Questo prodotto \u00e8 composto da almeno 50 fibre % Organic Content Standard certificate da IDFL (TE-99972454).<\/p>","protected":false},"featured_media":720773,"template":"","meta":[],"product_brand":[],"product_cat":[4184],"product_tag":[],"class_list":{"0":"post-720699","1":"product","2":"type-product","3":"status-publish","4":"has-post-thumbnail","6":"product_cat-hoodies-pullover","7":"pa_brand-helly-hansen","8":"pa_brand-type-workwear","9":"pa_filter-color-schwarz","11":"first","12":"instock","13":"sale","14":"taxable","15":"shipping-taxable","16":"purchasable","17":"product-type-variable","18":"add-to-wishlist-before_image"},"exclude_global_add_ons":[],"addons":[],"acf":[],"_links":{"self":[{"href":"https:\/\/shop.kustom.ch\/it\/wp-json\/wp\/v2\/product\/720699"}],"collection":[{"href":"https:\/\/shop.kustom.ch\/it\/wp-json\/wp\/v2\/product"}],"about":[{"href":"https:\/\/shop.kustom.ch\/it\/wp-json\/wp\/v2\/types\/product"}],"wp:featuredmedia":[{"embeddable":true,"href":"https:\/\/shop.kustom.ch\/it\/wp-json\/wp\/v2\/media\/720773"}],"wp:attachment":[{"href":"https:\/\/shop.kustom.ch\/it\/wp-json\/wp\/v2\/media?parent=720699"}],"wp:term":[{"taxonomy":"product_brand","embeddable":true,"href":"https:\/\/shop.kustom.ch\/it\/wp-json\/wp\/v2\/product_brand?post=720699"},{"taxonomy":"product_cat","embeddable":true,"href":"https:\/\/shop.kustom.ch\/it\/wp-json\/wp\/v2\/product_cat?post=720699"},{"taxonomy":"product_tag","embeddable":true,"href":"https:\/\/shop.kustom.ch\/it\/wp-json\/wp\/v2\/product_tag?post=720699"}],"curies":[{"name":"wp","href":"https:\/\/api.w.org\/{rel}","templated":true}]}}