{"id":720681,"date":"2026-03-24T21:04:43","date_gmt":"2026-03-24T20:04:43","guid":{"rendered":"https:\/\/shop.kustom.ch\/?post_type=product&#038;p=720681"},"modified":"2026-03-24T21:06:42","modified_gmt":"2026-03-24T20:06:42","slug":"classic-2-0-zip-sweatshirt","status":"publish","type":"product","link":"https:\/\/shop.kustom.ch\/it\/prodotto\/classic-2-0-zip-sweatshirt\/","title":{"rendered":"FELPA CON ZIP CLASSIC 2.0"},"content":{"rendered":"<p>Investite nel vostro comfort con una classica felpa con zip che unisce dettagli intelligenti a uno stile senza tempo. La felpa con zip Classic 2.0 \u00e8 un capo essenziale realizzato con materiali di alta qualit\u00e0. \u00c8 dotata di cerniera YKK\u00ae e filato AMANN ed \u00e8 realizzata in cotone biologico. Il tessuto a doppio strato del colletto garantisce durata e comfort, cos\u00ec come i polsini e l'orlo a coste. Le tasche per le mani e la mentoniera assicurano versatilit\u00e0 e comfort di prima classe. Il design ottimizzato e il comfort tecnico si fondono in un basic migliorato che non lascia nulla a desiderare.<\/p>\n<p>Vestibilit\u00e0: regolare \/ normale<\/p>\n<p>Materiale: Materiale principale: 56 cotone % (organico), 44 poliestere % (riciclato) - 280 g\/m\u00b2.<\/p>","protected":false},"excerpt":{"rendered":"<p>- Filo per cucire AMANN - Qualit\u00e0 tedesca<br \/>- Chiusura lampo YKK<br \/>- Zip frontale YKK\u00ae con protezione per il mento<br \/>- Tasche a fessura<br \/>- Polsini a coste sulla parte inferiore delle maniche e sull'orlo<br \/>- Tessuto a doppio strato nel colletto<br \/>- Cotone biologico<\/p>","protected":false},"featured_media":720746,"template":"","meta":[],"product_brand":[],"product_cat":[4191],"product_tag":[],"class_list":{"0":"post-720681","1":"product","2":"type-product","3":"status-publish","4":"has-post-thumbnail","6":"product_cat-longsleeves-sweatshirts","7":"pa_brand-helly-hansen","8":"pa_brand-type-workwear","9":"pa_filter-color-blau","10":"pa_filter-color-schwarz","12":"first","13":"instock","14":"sale","15":"taxable","16":"shipping-taxable","17":"purchasable","18":"product-type-variable","19":"add-to-wishlist-before_image"},"exclude_global_add_ons":[],"addons":[],"acf":[],"_links":{"self":[{"href":"https:\/\/shop.kustom.ch\/it\/wp-json\/wp\/v2\/product\/720681"}],"collection":[{"href":"https:\/\/shop.kustom.ch\/it\/wp-json\/wp\/v2\/product"}],"about":[{"href":"https:\/\/shop.kustom.ch\/it\/wp-json\/wp\/v2\/types\/product"}],"wp:featuredmedia":[{"embeddable":true,"href":"https:\/\/shop.kustom.ch\/it\/wp-json\/wp\/v2\/media\/720746"}],"wp:attachment":[{"href":"https:\/\/shop.kustom.ch\/it\/wp-json\/wp\/v2\/media?parent=720681"}],"wp:term":[{"taxonomy":"product_brand","embeddable":true,"href":"https:\/\/shop.kustom.ch\/it\/wp-json\/wp\/v2\/product_brand?post=720681"},{"taxonomy":"product_cat","embeddable":true,"href":"https:\/\/shop.kustom.ch\/it\/wp-json\/wp\/v2\/product_cat?post=720681"},{"taxonomy":"product_tag","embeddable":true,"href":"https:\/\/shop.kustom.ch\/it\/wp-json\/wp\/v2\/product_tag?post=720681"}],"curies":[{"name":"wp","href":"https:\/\/api.w.org\/{rel}","templated":true}]}}