{"id":720637,"date":"2026-03-24T21:03:51","date_gmt":"2026-03-24T20:03:51","guid":{"rendered":"https:\/\/shop.kustom.ch\/?post_type=product&#038;p=720637"},"modified":"2026-03-24T21:05:53","modified_gmt":"2026-03-24T20:05:53","slug":"classic-2-0-sweatshirt","status":"publish","type":"product","link":"https:\/\/shop.kustom.ch\/it\/prodotto\/classic-2-0-sweatshirt\/","title":{"rendered":"FELPA CLASSIC 2.0"},"content":{"rendered":"<p>Semplice, elegante e confortevole: una felpa che pu\u00f2 essere indossata ovunque. \u00c8 realizzata in morbido cotone biologico, composto da almeno 50 fibre % Organic Content Standard, che assicura un comfort di prima classe e protegge l'ambiente. I polsini e l'orlo a coste assicurano una buona vestibilit\u00e0 e il filato AMANN di qualit\u00e0 tedesca garantisce una durata su cui poter contare. Con il suo design semplice e i materiali di alta qualit\u00e0, questa felpa \u00e8 un compagno versatile per il lavoro, le uscite del fine settimana e molto altro ancora.<\/p>\n<p>Vestibilit\u00e0: regolare \/ normale<\/p>\n<p>Materiale: Materiale principale: 56 cotone % (organico), 44 poliestere % (riciclato) - 280 g\/m\u00b2.<\/p>","protected":false},"excerpt":{"rendered":"<p>- Filo per cucire AMANN - Qualit\u00e0 tedesca<br \/>- Colletto a coste per un maggiore comfort<br \/>- Polsini a coste sulla parte inferiore delle maniche e sull'orlo<br \/>- Cotone biologico<\/p>","protected":false},"featured_media":720706,"template":"","meta":[],"product_brand":[],"product_cat":[4191],"product_tag":[],"class_list":{"0":"post-720637","1":"product","2":"type-product","3":"status-publish","4":"has-post-thumbnail","6":"product_cat-longsleeves-sweatshirts","7":"pa_brand-helly-hansen","8":"pa_brand-type-workwear","9":"pa_filter-color-blau","11":"first","12":"instock","13":"sale","14":"taxable","15":"shipping-taxable","16":"purchasable","17":"product-type-variable","18":"add-to-wishlist-before_image"},"exclude_global_add_ons":[],"addons":[],"acf":[],"_links":{"self":[{"href":"https:\/\/shop.kustom.ch\/it\/wp-json\/wp\/v2\/product\/720637"}],"collection":[{"href":"https:\/\/shop.kustom.ch\/it\/wp-json\/wp\/v2\/product"}],"about":[{"href":"https:\/\/shop.kustom.ch\/it\/wp-json\/wp\/v2\/types\/product"}],"wp:featuredmedia":[{"embeddable":true,"href":"https:\/\/shop.kustom.ch\/it\/wp-json\/wp\/v2\/media\/720706"}],"wp:attachment":[{"href":"https:\/\/shop.kustom.ch\/it\/wp-json\/wp\/v2\/media?parent=720637"}],"wp:term":[{"taxonomy":"product_brand","embeddable":true,"href":"https:\/\/shop.kustom.ch\/it\/wp-json\/wp\/v2\/product_brand?post=720637"},{"taxonomy":"product_cat","embeddable":true,"href":"https:\/\/shop.kustom.ch\/it\/wp-json\/wp\/v2\/product_cat?post=720637"},{"taxonomy":"product_tag","embeddable":true,"href":"https:\/\/shop.kustom.ch\/it\/wp-json\/wp\/v2\/product_tag?post=720637"}],"curies":[{"name":"wp","href":"https:\/\/api.w.org\/{rel}","templated":true}]}}