{"id":720617,"date":"2026-03-24T21:03:26","date_gmt":"2026-03-24T20:03:26","guid":{"rendered":"https:\/\/shop.kustom.ch\/?post_type=product&#038;p=720617"},"modified":"2026-03-24T21:05:28","modified_gmt":"2026-03-24T20:05:28","slug":"classic-2-0-longsleeve","status":"publish","type":"product","link":"https:\/\/shop.kustom.ch\/it\/prodotto\/classic-2-0-longsleeve\/","title":{"rendered":"MANICA LUNGA CLASSIC 2.0"},"content":{"rendered":"<p>Leggera, traspirante e incredibilmente versatile, la manica lunga Classic 2.0 \u00e8 la prima scelta per il comfort di tutto il giorno. \u00c8 realizzata in morbido cotone biologico composto da almeno 50 fibre % Organic Content Standard, per garantire un comfort di prima classe e proteggere l'ambiente. Il filato AMANN di qualit\u00e0 tedesca offre una durata affidabile e i polsini a coste assicurano una buona vestibilit\u00e0. Questo maglione a maniche lunghe \u00e8 perfetto da indossare da solo o come strato di base e combina un design semplice con la praticit\u00e0 di tutti i giorni.<\/p>\n<p>Vestibilit\u00e0: regolare \/ normale<\/p>\n<p>Materiale: Materiale principale: 80 cotone % (organico), 20 poliestere % (riciclato) - 165 g\/m\u00b2.<\/p>","protected":false},"excerpt":{"rendered":"<p>- Filati AMANN - Qualit\u00e0 tedesca<br \/>- Colletto a coste per un maggiore comfort<br \/>- Cuciture laterali<br \/>- Cotone biologico<br \/>- Questo prodotto \u00e8 composto da almeno 50 fibre % Organic Content Standard certificate da IDFL (TE-99972454).<\/p>","protected":false},"featured_media":720689,"template":"","meta":[],"product_brand":[],"product_cat":[4191],"product_tag":[],"class_list":{"0":"post-720617","1":"product","2":"type-product","3":"status-publish","4":"has-post-thumbnail","6":"product_cat-longsleeves-sweatshirts","7":"pa_brand-helly-hansen","8":"pa_brand-type-workwear","9":"pa_filter-color-blau","10":"pa_filter-color-schwarz","12":"first","13":"instock","14":"sale","15":"taxable","16":"shipping-taxable","17":"purchasable","18":"product-type-variable","19":"add-to-wishlist-before_image"},"exclude_global_add_ons":[],"addons":[],"acf":[],"_links":{"self":[{"href":"https:\/\/shop.kustom.ch\/it\/wp-json\/wp\/v2\/product\/720617"}],"collection":[{"href":"https:\/\/shop.kustom.ch\/it\/wp-json\/wp\/v2\/product"}],"about":[{"href":"https:\/\/shop.kustom.ch\/it\/wp-json\/wp\/v2\/types\/product"}],"wp:featuredmedia":[{"embeddable":true,"href":"https:\/\/shop.kustom.ch\/it\/wp-json\/wp\/v2\/media\/720689"}],"wp:attachment":[{"href":"https:\/\/shop.kustom.ch\/it\/wp-json\/wp\/v2\/media?parent=720617"}],"wp:term":[{"taxonomy":"product_brand","embeddable":true,"href":"https:\/\/shop.kustom.ch\/it\/wp-json\/wp\/v2\/product_brand?post=720617"},{"taxonomy":"product_cat","embeddable":true,"href":"https:\/\/shop.kustom.ch\/it\/wp-json\/wp\/v2\/product_cat?post=720617"},{"taxonomy":"product_tag","embeddable":true,"href":"https:\/\/shop.kustom.ch\/it\/wp-json\/wp\/v2\/product_tag?post=720617"}],"curies":[{"name":"wp","href":"https:\/\/api.w.org\/{rel}","templated":true}]}}