{"id":720574,"date":"2026-03-24T21:02:37","date_gmt":"2026-03-24T20:02:37","guid":{"rendered":"https:\/\/shop.kustom.ch\/?post_type=product&#038;p=720574"},"modified":"2026-03-24T21:04:41","modified_gmt":"2026-03-24T20:04:41","slug":"classic-2-0-t-shirt","status":"publish","type":"product","link":"https:\/\/shop.kustom.ch\/it\/prodotto\/classic-2-0-t-shirt\/","title":{"rendered":"MAGLIETTA CLASSIC 2.0"},"content":{"rendered":"<p>L'essenziale per tutti i giorni nella perfezione. La T-shirt Classic 2.0 \u00e8 realizzata in morbido cotone organico composto da almeno 50 fibre % Organic Content Standard per una sensazione di traspirazione e leggerezza che dura tutto il giorno. Il filato AMANN di qualit\u00e0 tedesca garantisce la durata nel tempo e il design semplice e minimalista pu\u00f2 essere indossato da solo o come strato aggiuntivo. Questa T-shirt semplice, versatile e confortevole \u00e8 un capo essenziale per il lavoro e il tempo libero.<\/p>\n<p>Vestibilit\u00e0: regolare \/ normale<\/p>\n<p>Materiale: Materiale principale: 80 cotone % (organico), 20 poliestere % (riciclato) - 165 g\/m\u00b2.<\/p>","protected":false},"excerpt":{"rendered":"<p>- Filati AMANN - Qualit\u00e0 tedesca<br \/>- Colletto a coste per un maggiore comfort<br \/>- Cuciture laterali<br \/>- Cotone biologico<br \/>- Questo prodotto \u00e8 composto da almeno 50 fibre % Organic Content Standard certificate da IDFL (TE-99972454).<\/p>","protected":false},"featured_media":720640,"template":"","meta":[],"product_brand":[],"product_cat":[4201],"product_tag":[],"class_list":{"0":"post-720574","1":"product","2":"type-product","3":"status-publish","4":"has-post-thumbnail","6":"product_cat-t-shirts","7":"pa_brand-helly-hansen","8":"pa_brand-type-workwear","9":"pa_filter-color-blau","10":"pa_filter-color-schwarz","12":"first","13":"instock","14":"sale","15":"taxable","16":"shipping-taxable","17":"purchasable","18":"product-type-variable","19":"add-to-wishlist-before_image"},"exclude_global_add_ons":[],"addons":[],"acf":[],"_links":{"self":[{"href":"https:\/\/shop.kustom.ch\/it\/wp-json\/wp\/v2\/product\/720574"}],"collection":[{"href":"https:\/\/shop.kustom.ch\/it\/wp-json\/wp\/v2\/product"}],"about":[{"href":"https:\/\/shop.kustom.ch\/it\/wp-json\/wp\/v2\/types\/product"}],"wp:featuredmedia":[{"embeddable":true,"href":"https:\/\/shop.kustom.ch\/it\/wp-json\/wp\/v2\/media\/720640"}],"wp:attachment":[{"href":"https:\/\/shop.kustom.ch\/it\/wp-json\/wp\/v2\/media?parent=720574"}],"wp:term":[{"taxonomy":"product_brand","embeddable":true,"href":"https:\/\/shop.kustom.ch\/it\/wp-json\/wp\/v2\/product_brand?post=720574"},{"taxonomy":"product_cat","embeddable":true,"href":"https:\/\/shop.kustom.ch\/it\/wp-json\/wp\/v2\/product_cat?post=720574"},{"taxonomy":"product_tag","embeddable":true,"href":"https:\/\/shop.kustom.ch\/it\/wp-json\/wp\/v2\/product_tag?post=720574"}],"curies":[{"name":"wp","href":"https:\/\/api.w.org\/{rel}","templated":true}]}}