{"id":719801,"date":"2026-03-24T20:50:00","date_gmt":"2026-03-24T19:50:00","guid":{"rendered":"https:\/\/shop.kustom.ch\/?post_type=product&#038;p=719801"},"modified":"2026-03-24T20:52:31","modified_gmt":"2026-03-24T19:52:31","slug":"fyre-sweatshirt","status":"publish","type":"product","link":"https:\/\/shop.kustom.ch\/it\/prodotto\/fyre-sweatshirt\/","title":{"rendered":"FELPA FYRE"},"content":{"rendered":"<p>La felpa Fyre \u00e8 un capo di abbigliamento ad alta visibilit\u00e0 che offre prestazioni particolarmente elevate e protegge da diversi rischi allo stesso tempo. Come parte della nostra gamma multi-standard, la felpa Fyre \u00e8 certificata per la protezione contro l'elettricit\u00e0 statica, gli archi elettrici, il calore e le fiamme. Inoltre, il design ad alta visibilit\u00e0 con l'aggiunta di dettagli riflettenti garantisce un'elevata visibilit\u00e0 in condizioni di scarsa illuminazione, soddisfacendo gli standard industriali di visibilit\u00e0 e sicurezza. Le caratteristiche di comfort includono polsini, orlo e colletto a coste. Le tasche con cerniera garantiscono la sicurezza e la protezione dei vostri effetti personali. Realizzata con materiali di alta qualit\u00e0 come le cerniere YKK\u00ae e il filato AMANN, la felpa Fyre \u00e8 adatta all'uso in una variet\u00e0 di ambienti di lavoro e rappresenta un investimento intelligente per la vostra sicurezza e il vostro comfort. Se per voi l'abbigliamento ad alta visibilit\u00e0 \u00e8 un valore aggiunto e rispetta gli standard industriali, la felpa Fyre \u00e8 un capo essenziale del vostro guardaroba da lavoro e un saggio investimento.<\/p>\n<p>Vestibilit\u00e0: regolare \/ normale<\/p>\n<p>Materiale: Materiale principale: 60 % modacrilico, 39 % cotone, 1 % agente antistatico, 280 g\/m\u00b2.<\/p>","protected":false},"excerpt":{"rendered":"<p>- EN ISO 20471<br \/>- EN ISO 11612:2015<br \/>- IEC 61482-2:2018<br \/>- EN 1149-5:2018<br \/>- Filati AMANN - Qualit\u00e0 tedesca<br \/>- Chiusura lampo YKK<br \/>- Colletto a coste per un maggiore comfort<br \/>- Tasche a filetto con cerniera YKK<br \/>- Polsini a coste sulla parte inferiore delle maniche e sull'orlo<\/p>","protected":false},"featured_media":719871,"template":"","meta":[],"product_brand":[],"product_cat":[4191],"product_tag":[],"class_list":{"0":"post-719801","1":"product","2":"type-product","3":"status-publish","4":"has-post-thumbnail","6":"product_cat-longsleeves-sweatshirts","7":"pa_brand-helly-hansen","8":"pa_brand-type-workwear","9":"pa_filter-color-gelb","11":"first","12":"instock","13":"sale","14":"taxable","15":"shipping-taxable","16":"purchasable","17":"product-type-variable","18":"add-to-wishlist-before_image"},"exclude_global_add_ons":[],"addons":[],"acf":[],"_links":{"self":[{"href":"https:\/\/shop.kustom.ch\/it\/wp-json\/wp\/v2\/product\/719801"}],"collection":[{"href":"https:\/\/shop.kustom.ch\/it\/wp-json\/wp\/v2\/product"}],"about":[{"href":"https:\/\/shop.kustom.ch\/it\/wp-json\/wp\/v2\/types\/product"}],"wp:featuredmedia":[{"embeddable":true,"href":"https:\/\/shop.kustom.ch\/it\/wp-json\/wp\/v2\/media\/719871"}],"wp:attachment":[{"href":"https:\/\/shop.kustom.ch\/it\/wp-json\/wp\/v2\/media?parent=719801"}],"wp:term":[{"taxonomy":"product_brand","embeddable":true,"href":"https:\/\/shop.kustom.ch\/it\/wp-json\/wp\/v2\/product_brand?post=719801"},{"taxonomy":"product_cat","embeddable":true,"href":"https:\/\/shop.kustom.ch\/it\/wp-json\/wp\/v2\/product_cat?post=719801"},{"taxonomy":"product_tag","embeddable":true,"href":"https:\/\/shop.kustom.ch\/it\/wp-json\/wp\/v2\/product_tag?post=719801"}],"curies":[{"name":"wp","href":"https:\/\/api.w.org\/{rel}","templated":true}]}}