{"id":718767,"date":"2026-03-24T20:31:56","date_gmt":"2026-03-24T19:31:56","guid":{"rendered":"https:\/\/shop.kustom.ch\/?post_type=product&#038;p=718767"},"modified":"2026-03-24T20:33:26","modified_gmt":"2026-03-24T19:33:26","slug":"chelsea-evo-t-shirt","status":"publish","type":"product","link":"https:\/\/shop.kustom.ch\/it\/prodotto\/chelsea-evo-t-shirt\/","title":{"rendered":"MAGLIETTA CHELSEA EVO"},"content":{"rendered":"<p>Scoprite la t-shirt da lavoro progettata per un comfort che dura tutto il giorno. La T-shirt Chelsea EVO \u00e8 la preferita dai professionisti. Il materiale in cotone organico e il colletto a coste la rendono comoda da indossare, sia al lavoro che nel tempo libero. La qualit\u00e0 \u00e8 sempre un buon investimento. Questa T-shirt da lavoro \u00e8 cucita con filato AMANN di qualit\u00e0 tedesca e offre prestazioni affidabili. Il logo Helly Hansen \u00e8 un elemento di stile e un segno di apprezzamento per l'artigianato moderno.<\/p>\n<p>Vestibilit\u00e0: regolare \/ normale<\/p>\n<p>Materiale: Materiale esterno: 57 % cotone (organico), 38 % poliestere (riciclato), 5 % elastane<\/p>","protected":false},"excerpt":{"rendered":"<p>- Filati AMANN - Qualit\u00e0 tedesca<br \/>- Colletto a coste per un maggiore comfort<br \/>- Cotone biologico<\/p>","protected":false},"featured_media":718832,"template":"","meta":[],"product_brand":[],"product_cat":[4201],"product_tag":[],"class_list":{"0":"post-718767","1":"product","2":"type-product","3":"status-publish","4":"has-post-thumbnail","6":"product_cat-t-shirts","7":"pa_brand-helly-hansen","8":"pa_brand-type-workwear","9":"pa_filter-color-blau","10":"pa_filter-color-grau","11":"pa_filter-color-schwarz","12":"pa_filter-color-weiss","14":"first","15":"instock","16":"sale","17":"taxable","18":"shipping-taxable","19":"purchasable","20":"product-type-variable","21":"add-to-wishlist-before_image"},"exclude_global_add_ons":[],"addons":[],"acf":[],"_links":{"self":[{"href":"https:\/\/shop.kustom.ch\/it\/wp-json\/wp\/v2\/product\/718767"}],"collection":[{"href":"https:\/\/shop.kustom.ch\/it\/wp-json\/wp\/v2\/product"}],"about":[{"href":"https:\/\/shop.kustom.ch\/it\/wp-json\/wp\/v2\/types\/product"}],"wp:featuredmedia":[{"embeddable":true,"href":"https:\/\/shop.kustom.ch\/it\/wp-json\/wp\/v2\/media\/718832"}],"wp:attachment":[{"href":"https:\/\/shop.kustom.ch\/it\/wp-json\/wp\/v2\/media?parent=718767"}],"wp:term":[{"taxonomy":"product_brand","embeddable":true,"href":"https:\/\/shop.kustom.ch\/it\/wp-json\/wp\/v2\/product_brand?post=718767"},{"taxonomy":"product_cat","embeddable":true,"href":"https:\/\/shop.kustom.ch\/it\/wp-json\/wp\/v2\/product_cat?post=718767"},{"taxonomy":"product_tag","embeddable":true,"href":"https:\/\/shop.kustom.ch\/it\/wp-json\/wp\/v2\/product_tag?post=718767"}],"curies":[{"name":"wp","href":"https:\/\/api.w.org\/{rel}","templated":true}]}}