{"id":718524,"date":"2026-03-24T20:28:46","date_gmt":"2026-03-24T19:28:46","guid":{"rendered":"https:\/\/shop.kustom.ch\/?post_type=product&#038;p=718524"},"modified":"2026-03-24T20:30:39","modified_gmt":"2026-03-24T19:30:39","slug":"classic-polo","status":"publish","type":"product","link":"https:\/\/shop.kustom.ch\/it\/prodotto\/classic-polo\/","title":{"rendered":"POLO CLASSICA"},"content":{"rendered":"<p>Una polo \u00e8 sinonimo di duro lavoro e professionalit\u00e0 allo stesso tempo. La nostra classica polo da uomo in cotone ha un colletto a coste di alta qualit\u00e0 e un'abbottonatura - perfetta per il lavoro o per il fine settimana.<\/p>\n<p>Vestibilit\u00e0: regolare \/ normale<\/p>\n<p>Materiale: materiale principale: 100 cotone %, 190 g\/m\u00b2<\/p>","protected":false},"excerpt":{"rendered":"<p>- Abbottonatura sul davanti<br \/>- Cuciture laterali<br \/>- Pulsante aggiuntivo incluso<\/p>","protected":false},"featured_media":718588,"template":"","meta":[],"product_brand":[],"product_cat":[4193],"product_tag":[],"class_list":{"0":"post-718524","1":"product","2":"type-product","3":"status-publish","4":"has-post-thumbnail","6":"product_cat-polos","7":"pa_brand-helly-hansen","8":"pa_brand-type-workwear","9":"pa_filter-color-blau","10":"pa_filter-color-grau","11":"pa_filter-color-rot","12":"pa_filter-color-schwarz","13":"pa_filter-color-weiss","15":"first","16":"instock","17":"sale","18":"taxable","19":"shipping-taxable","20":"purchasable","21":"product-type-variable","22":"add-to-wishlist-before_image"},"exclude_global_add_ons":[],"addons":[],"acf":[],"_links":{"self":[{"href":"https:\/\/shop.kustom.ch\/it\/wp-json\/wp\/v2\/product\/718524"}],"collection":[{"href":"https:\/\/shop.kustom.ch\/it\/wp-json\/wp\/v2\/product"}],"about":[{"href":"https:\/\/shop.kustom.ch\/it\/wp-json\/wp\/v2\/types\/product"}],"wp:featuredmedia":[{"embeddable":true,"href":"https:\/\/shop.kustom.ch\/it\/wp-json\/wp\/v2\/media\/718588"}],"wp:attachment":[{"href":"https:\/\/shop.kustom.ch\/it\/wp-json\/wp\/v2\/media?parent=718524"}],"wp:term":[{"taxonomy":"product_brand","embeddable":true,"href":"https:\/\/shop.kustom.ch\/it\/wp-json\/wp\/v2\/product_brand?post=718524"},{"taxonomy":"product_cat","embeddable":true,"href":"https:\/\/shop.kustom.ch\/it\/wp-json\/wp\/v2\/product_cat?post=718524"},{"taxonomy":"product_tag","embeddable":true,"href":"https:\/\/shop.kustom.ch\/it\/wp-json\/wp\/v2\/product_tag?post=718524"}],"curies":[{"name":"wp","href":"https:\/\/api.w.org\/{rel}","templated":true}]}}