{"id":718464,"date":"2026-03-24T20:28:01","date_gmt":"2026-03-24T19:28:01","guid":{"rendered":"https:\/\/shop.kustom.ch\/?post_type=product&#038;p=718464"},"modified":"2026-03-24T20:29:35","modified_gmt":"2026-03-24T19:29:35","slug":"w-classic-t-shirt","status":"publish","type":"product","link":"https:\/\/shop.kustom.ch\/it\/prodotto\/w-classic-t-shirt\/","title":{"rendered":"MAGLIETTA W CLASSIC"},"content":{"rendered":"<p>Una T-shirt dalla vestibilit\u00e0 classica \u00e8 un capo essenziale del guardaroba e pu\u00f2 essere indossata sia al lavoro che a casa. Questo modello a tinta unita in cotone 100 % \u00e8 pensato per la figura femminile. Il colletto a coste assicura flessibilit\u00e0 e comfort.<\/p>\n<p>Vestibilit\u00e0: regolare \/ normale<\/p>\n<p>Materiale: materiale principale: 100 cotone % - 150 g\/m\u00b2<\/p>","protected":false},"excerpt":{"rendered":"<p>- Colletto a coste per un maggiore comfort<br \/>- Cuciture laterali<\/p>","protected":false},"featured_media":718523,"template":"","meta":[],"product_brand":[],"product_cat":[4201],"product_tag":[],"class_list":{"0":"post-718464","1":"product","2":"type-product","3":"status-publish","4":"has-post-thumbnail","6":"product_cat-t-shirts","7":"pa_brand-helly-hansen","8":"pa_brand-type-workwear","9":"pa_filter-color-blau","10":"pa_filter-color-grau","11":"pa_filter-color-rot","12":"pa_filter-color-schwarz","13":"pa_filter-color-weiss","15":"first","16":"instock","17":"sale","18":"taxable","19":"shipping-taxable","20":"purchasable","21":"product-type-variable","22":"add-to-wishlist-before_image"},"exclude_global_add_ons":[],"addons":[],"acf":[],"_links":{"self":[{"href":"https:\/\/shop.kustom.ch\/it\/wp-json\/wp\/v2\/product\/718464"}],"collection":[{"href":"https:\/\/shop.kustom.ch\/it\/wp-json\/wp\/v2\/product"}],"about":[{"href":"https:\/\/shop.kustom.ch\/it\/wp-json\/wp\/v2\/types\/product"}],"wp:featuredmedia":[{"embeddable":true,"href":"https:\/\/shop.kustom.ch\/it\/wp-json\/wp\/v2\/media\/718523"}],"wp:attachment":[{"href":"https:\/\/shop.kustom.ch\/it\/wp-json\/wp\/v2\/media?parent=718464"}],"wp:term":[{"taxonomy":"product_brand","embeddable":true,"href":"https:\/\/shop.kustom.ch\/it\/wp-json\/wp\/v2\/product_brand?post=718464"},{"taxonomy":"product_cat","embeddable":true,"href":"https:\/\/shop.kustom.ch\/it\/wp-json\/wp\/v2\/product_cat?post=718464"},{"taxonomy":"product_tag","embeddable":true,"href":"https:\/\/shop.kustom.ch\/it\/wp-json\/wp\/v2\/product_tag?post=718464"}],"curies":[{"name":"wp","href":"https:\/\/api.w.org\/{rel}","templated":true}]}}