{"id":716673,"date":"2026-03-24T19:48:29","date_gmt":"2026-03-24T18:48:29","guid":{"rendered":"https:\/\/shop.kustom.ch\/?post_type=product&#038;p=716673"},"modified":"2026-03-24T19:50:01","modified_gmt":"2026-03-24T18:50:01","slug":"oxford-2-0-cnct-bib","status":"publish","type":"product","link":"https:\/\/shop.kustom.ch\/it\/prodotto\/oxford-2-0-cnct-bib\/","title":{"rendered":"PETTORINA OXFORD 2.0 CNCT"},"content":{"rendered":"<p>Se cercate una vestibilit\u00e0 e una forma diverse dai normali pantaloni da lavoro, la salopette Oxford 2.0 CNCT \u00e8 proprio quello che fa per voi. Questa salopette resistente \u00e8 caratterizzata da dettagli di design moderni come inserti elasticizzati, fascia elastica in vita, bretelle elastiche e ginocchia articolate. L'apertura laterale con bottoni facilita l'inserimento dei pantaloni, che offrono una qualit\u00e0 tecnica di prim'ordine. Le ginocchiere accessibili dall'esterno che si adattano al corpo e la lunghezza della gamba regolabile con bottoni a pressione garantiscono un comfort personalizzabile. La versatilit\u00e0 \u00e8 di serie con gli attacchi per le soluzioni tascabili HH Connect\u2122. Le opzioni di stoccaggio integrate includono tasche sulle cosce con scomparti multipli, nonch\u00e9 tasche a soffietto, tasche per righelli e tasche sul petto. Il rinforzo in Cordura\u00ae sulle ginocchia e sull'orlo assicura che la tuta offra prestazioni affidabili anche in condizioni difficili. Dal cavallo con soffietto per una maggiore libert\u00e0 di movimento alle cerniere e ai filati industriali di alta qualit\u00e0 e ai dettagli di design riflettenti, HH Workwear si concentra su una soluzione completa per il guardaroba, in modo che possiate concentrarvi sul vostro lavoro.<\/p>\n<p>Vestibilit\u00e0: regolare \/ normale<\/p>\n<p>Materiale: Materiale principale: 79 % cotone, 18 % poliestere, 3 % elastolefin - 265 g\/m\u00b2.<br \/>\nMateriale secondario: 94 % poliammide, 6 % elastan - 250 g\/m\u00b2<br \/>\nRinforzo: 100 poliammide % - 210 g\/m\u00b2<\/p>","protected":false},"excerpt":{"rendered":"<p>- Filati AMANN - Qualit\u00e0 tedesca<br \/>- Chiusura lampo YKK<br \/>- Rinforzo in Cordura\u00ae elasticizzato<br \/>- Compatibile con HH Connect<br \/>- Inserti elasticizzati per una vestibilit\u00e0 ottimale<br \/>- Apertura laterale con bottoni<br \/>- Tasche a fessura<br \/>- Passanti per cintura<br \/>- Vita elastica<br \/>- Bretelle elastiche<br \/>- Tasche sul petto<br \/>- Tassello nel cavallo per una libert\u00e0 di movimento ottimale<br \/>- Attacco per sacchetti HH Connect<br \/>- Tasca sulla coscia con chiusura a velcro e diversi scompartimenti<br \/>- Tasca per regolo pieghevole<br \/>- Pulsanti in metallo rivestiti in plastica<br \/>- Tasche per ginocchiere accessibili dall'esterno<br \/>- La ginocchiera pu\u00f2 essere spostata fino a 5 cm per garantire una libert\u00e0 di movimento ottimale.<br \/>- Ginocchia preformate per una libert\u00e0 di movimento ottimale<br \/>- Rinforzo in Cordura\u00ae elasticizzato sulle ginocchia e sui polsini delle gambe<br \/>- La lunghezza della gamba pu\u00f2 essere aumentata di 5 cm<br \/>- Gamba regolabile con bottoni a pressione<br \/>- Dettagli di design riflettenti<\/p>","protected":false},"featured_media":716708,"template":"","meta":[],"product_brand":[],"product_cat":[4185],"product_tag":[],"class_list":{"0":"post-716673","1":"product","2":"type-product","3":"status-publish","4":"has-post-thumbnail","6":"product_cat-hosen","7":"pa_brand-helly-hansen","8":"pa_brand-type-workwear","9":"pa_filter-color-blau","10":"pa_filter-color-schwarz","12":"first","13":"instock","14":"sale","15":"taxable","16":"shipping-taxable","17":"purchasable","18":"product-type-variable","19":"add-to-wishlist-before_image"},"exclude_global_add_ons":[],"addons":[],"acf":[],"_links":{"self":[{"href":"https:\/\/shop.kustom.ch\/it\/wp-json\/wp\/v2\/product\/716673"}],"collection":[{"href":"https:\/\/shop.kustom.ch\/it\/wp-json\/wp\/v2\/product"}],"about":[{"href":"https:\/\/shop.kustom.ch\/it\/wp-json\/wp\/v2\/types\/product"}],"wp:featuredmedia":[{"embeddable":true,"href":"https:\/\/shop.kustom.ch\/it\/wp-json\/wp\/v2\/media\/716708"}],"wp:attachment":[{"href":"https:\/\/shop.kustom.ch\/it\/wp-json\/wp\/v2\/media?parent=716673"}],"wp:term":[{"taxonomy":"product_brand","embeddable":true,"href":"https:\/\/shop.kustom.ch\/it\/wp-json\/wp\/v2\/product_brand?post=716673"},{"taxonomy":"product_cat","embeddable":true,"href":"https:\/\/shop.kustom.ch\/it\/wp-json\/wp\/v2\/product_cat?post=716673"},{"taxonomy":"product_tag","embeddable":true,"href":"https:\/\/shop.kustom.ch\/it\/wp-json\/wp\/v2\/product_tag?post=716673"}],"curies":[{"name":"wp","href":"https:\/\/api.w.org\/{rel}","templated":true}]}}